{"id":999,"date":"2020-06-29T12:55:17","date_gmt":"2020-06-29T10:55:17","guid":{"rendered":"https:\/\/scbm.usz.edu.pl\/?page_id=999"},"modified":"2025-11-19T13:18:29","modified_gmt":"2025-11-19T12:18:29","slug":"bibliometria","status":"publish","type":"page","link":"https:\/\/scbm.usz.edu.pl\/index.php\/bibliometria\/","title":{"rendered":"NAUKOMETRIA"},"content":{"rendered":"<p><strong>RANKINGI CZASOPISM<\/strong><\/p>\n<ul style=\"list-style-type: circle;\">\n<li><a href=\"https:\/\/www.gov.pl\/attachment\/62739f3a-6a1d-4659-98ad-59dd63108ee7\" target=\"_blank\" rel=\"noopener\"><strong>Wykaz czasopism naukowych i recenzowanych materia\u0142\u00f3w z konferencji mi\u0119dzynarodowych\u00a0 z przypisan\u0105 liczb\u0105 punkt\u00f3w MNiSW 2024r.(pdf)<\/strong><\/a><\/li>\n<\/ul>\n<p style=\"padding-left: 80px;\"><span style=\"font-size: 10pt;\">Wykaz czasopism naukowych i recenzowanych materia\u0142\u00f3w z konferencji mi\u0119dzynarodowych 2024 &#8211;<a href=\"https:\/\/www.gov.pl\/attachment\/c2510527-171a-451e-b3c4-74ea5a5c6c94\" target=\"_blank\" rel=\"noopener\">wersja<\/a><a class=\"file-download\" href=\"https:\/\/www.gov.pl\/attachment\/c2510527-171a-451e-b3c4-74ea5a5c6c94\" target=\"_blank\" rel=\"noopener\" download=\"\" aria-label=\" Pobierz plik 20240105_Wykaz_czasopism_naukowych_2024_stycze\u0144.xlsx Rozmiar: 9.39MB Format: xlsx\"><span style=\"font-size: 10pt;\">\u00a0XLSX<\/span><\/a><\/span><\/p>\n<p style=\"padding-left: 80px;\"><a href=\"https:\/\/www.gov.pl\/attachment\/2cb8d121-712e-4f57-846a-cb00b221af9f\" target=\"_blank\" rel=\"noopener\"><span style=\"font-size: 10pt;\">Tre\u015b\u0107 komunikatu Ministra Edukacji i Nauki z dnia 5 stycznia 2024 r. w sprawie wykazu czasopism naukowych i recenzowanych materia\u0142\u00f3w z konferencji mi\u0119dzynarodowych<\/span><\/a><\/p>\n<ul style=\"list-style-type: circle;\">\n<li><strong><a class=\"file-download\" href=\"https:\/\/www.gov.pl\/attachment\/44d6534c-dad9-4b08-ad0b-d5787fe3045f\" target=\"_blank\" rel=\"noopener\" download=\"\" aria-label=\" Pobierz plik 20230718_Wykaz_czasopism_i_konferencji_naukowych_2023.pdf Rozmiar: 12.47MB Format: pdf\">Wykaz czasopism naukowych i recenzowanych materia\u0142\u00f3w z konferencji mi\u0119dzynarodowych z przypisan\u0105 liczb\u0105 punkt\u00f3w MNiSW 18.07. 2023r. &#8211; PDF<\/a><\/strong><\/li>\n<\/ul>\n<p style=\"padding-left: 80px;\"><span style=\"font-size: 10pt;\">Wykaz czasopism naukowych i recenzowanych materia\u0142\u00f3w z konferencji mi\u0119dzynarodowych 2023 &#8211;<\/span><a href=\"https:\/\/www.gov.pl\/attachment\/7f0051cc-9ff4-4ef1-9b69-a5dc0ead1927\" target=\"_blank\" rel=\"noopener\"><span style=\"font-size: 10pt;\">wersja\u00a0XLSX<\/span><\/a><\/p>\n<p style=\"padding-left: 80px;\"><a href=\"https:\/\/www.gov.pl\/attachment\/3e30111f-e975-4781-adca-6bbbf4b75b07\" target=\"_blank\" rel=\"noopener\"><span style=\"font-size: 10pt;\">Tre\u015b\u0107 komunikatu Ministra Edukacji i Nauki z dnia 18 lipca 2023 r. w sprawie wykazu czasopism naukowych i recenzowanych materia\u0142\u00f3w z konferencji mi\u0119dzynarodowych<\/span><\/a><\/p>\n<ul style=\"list-style-type: circle;\">\n<li><a href=\"https:\/\/www.gov.pl\/attachment\/acf4c73a-188b-42a0-a82b-f0b809fb2307\" target=\"_blank\" rel=\"noopener\"><strong>Wykaz czasopism punktowanych MNiSW 2021r.<\/strong><\/a><\/li>\n<\/ul>\n<p style=\"padding-left: 80px;\"><a href=\"https:\/\/scbm.usz.edu.pl\/wp-content\/uploads\/2021\/12\/20211201_Wykaz_dyscyplin_przypisanych_do_czasopism_naukowych_i_materialow_konferencyjnych.xlsx\"><span style=\"font-size: 10pt;\">20211201_Wykaz_dyscyplin_przypisanych_do_czasopism_naukowych_i_materia\u0142\u00f3w_konferencyjnych<\/span><\/a><\/p>\n<p style=\"padding-left: 80px;\"><a href=\"https:\/\/www.gov.pl\/attachment\/97f3e0d0-7cfe-445c-a7b8-8ab46ee7efaf\" target=\"_blank\" rel=\"noopener\"><span style=\"font-size: 10pt;\">Tre\u015b\u0107 komunikatu Ministra Edukacji i Nauki z dnia 1 grudnia 2021 r. w sprawie wykazu czasopism naukowych i recenzowanych materia\u0142\u00f3w z konferencji mi\u0119dzynarodowych<\/span><\/a><\/p>\n<ul style=\"list-style-type: circle;\">\n<li><a href=\"http:\/\/www.bip.nauka.gov.pl\/akty-prawne-mnisw\/komunikat-ministra-nauki-i-szkolnictwa-wyzszego-z-dnia-31-lipca-2019-r-w-sprawie-wykazu-czasopism-naukowych-i-recenzowanych-materialow-z-konferencji-miedzynarodowych-wraz-z-przypisana-liczba-punktow.html\" target=\"_blank\" rel=\"noopener\"><strong>Wykaz czasopism punktowanych MNiSW<\/strong><strong> 2019 r.<\/strong><\/a><\/li>\n<li><strong><a href=\"https:\/\/wykazy.net.pl\/\" target=\"_blank\" rel=\"noopener\">Wyszukiwarka wykaz\u00f3w czasopism naukowych i wydawnictw MNiSW<\/a><a href=\"https:\/\/wykazy.net.pl\/\"> wraz z liczb\u0105 punkt\u00f3w z 18.12.<\/a><a href=\"https:\/\/wykazy.net.pl\/\" target=\"_blank\" rel=\"noopener\">2019 <\/a><a href=\"https:\/\/wykazy.net.pl\/\">i 18.02.2021<\/a> <\/strong><span style=\"font-size: 10pt;\">(wg dziedzin i typu publikacji)<\/span><\/li>\n<li><a href=\"https:\/\/punktacjaczasopism.pl\/\" target=\"_blank\" rel=\"noopener\"><strong>PCsearch &#8211; wyszukiwarka punktowanych czasopism naukowych 2010-2017<\/strong>\u00a0<\/a><\/li>\n<li><a href=\"https:\/\/jcr.clarivate.com\/JCRLandingPageAction.action?Init=Yes&amp;SrcApp=IC2LS&amp;SID=H3-97FD3NbzJ14x2BKvDAF0Hfa7uJCx2BHaqMOH-18x2dVz34ogoUCrIeA24DqhpckAx3Dx3DjrnNbS4bcWoUOx2FJ3Nx2F7oYAx3Dx3D-qBgNuLRjcgZrPm66fhjx2Fmwx3Dx3D-h9tQNJ9Nv4eh45yLvkdX3gx3Dx3D\" target=\"_blank\" rel=\"noopener\"><strong>Journal Citation Report<\/strong><\/a> <span style=\"font-size: 10pt;\">&#8211; baza zawieraj\u0105ca informacje o warto\u015bciach wska\u017anika Impact Factor i innych wska\u017anik\u00f3w wp\u0142ywu czasopism indeksowanych w Web of Science<\/span><\/li>\n<li><strong><a href=\"https:\/\/mjl.clarivate.com\/home\" target=\"_blank\" rel=\"noopener\">Master Journal List<\/a><\/strong> <span style=\"font-size: 10pt;\">\u2013 lista czasopism indeksowanych w bazie Web of Science (tzw.Lista filadelfijska)<\/span> <u><\/u><\/li>\n<li><a href=\"https:\/\/journals.indexcopernicus.com\/search\/formjml\" target=\"_blank\" rel=\"noopener\"><strong>Index Copernicus Journals Master List<\/strong><\/a> <span style=\"font-size: 10pt;\">&#8211; czasopisma indeksowane w bazie ICI Journals Master List wraz ze wska\u017anikiem wp\u0142ywu Index Copernicus Value (ICV)<\/span><\/li>\n<li><a href=\"https:\/\/www.scimagojr.com\/\" target=\"_blank\" rel=\"noopener\"><strong>SJR (SCImago Journal &amp; Country Rank)<\/strong><\/a><span style=\"font-size: 10pt;\"> &#8211; portal zawieraj\u0105cy informacje o wska\u017anikach czasopism naukowych, opracowanych na podstawie informacji zawartych w bazie bibliometrycznej SCOPUS<\/span><\/li>\n<\/ul>\n<p><strong>EWALUACJA 2017-2020<\/strong><\/p>\n<p><a href=\"http:\/\/prawo.sejm.gov.pl\/isap.nsf\/download.xsp\/WDU20190000392\/O\/D20190392.pdf\" target=\"_blank\" rel=\"noopener\"><strong>Rozporz\u0105dzenie MNiSW z dnia 22 lutego 2019 r. w sprawie ewaluacji jako\u015bci dzia\u0142alno\u015bci naukowej (Dz.U. 2019 r. poz 392)<\/strong><\/a><\/p>\n<p>&nbsp;<\/p>\n<p><strong>BIBLIOMETRYCZNE BAZY DANYCH<\/strong><\/p>\n<ul style=\"list-style-type: circle;\">\n<li><strong><a href=\"http:\/\/apps.webofknowledge.com\/WOS_GeneralSearch_input.do?product=WOS&amp;SID=Z21bWX2K6GzdQqYJgan&amp;search_mode=GeneralSearch\" target=\"_blank\" rel=\"noopener\">Web of Science Core Collection<\/a><\/strong> <span style=\"font-size: 10pt;\">&#8211; interdyscyplinarna baza indeksuj\u0105ca artyku\u0142y z czasopism z IF umo\u017cliwiaj\u0105ca wygenerowanie raportu cytowa\u0144.<\/span><\/li>\n<li><strong><a href=\"http:\/\/www.scopus.com\/\" target=\"_blank\" rel=\"noopener\">Scopus<\/a><\/strong> <span style=\"font-size: 10pt;\">&#8211; interdyscyplinarna baza danych umo\u017cliwiaj\u0105ca wygenerowanie raportu cytowa\u0144.<\/span><\/li>\n<\/ul>\n<p><strong>POLSKIE BAZY PUBLIKACJI PRACOWNIK\u00d3W NAUKOWYCH<\/strong><\/p>\n<ul style=\"list-style-type: circle;\">\n<li style=\"text-align: justify;\"><a href=\"https:\/\/pbn.nauka.gov.pl\" target=\"_blank\" rel=\"noopener\"><strong>Polska Bibliografia Naukowa<\/strong><\/a> <span style=\"font-size: 10pt;\">&#8211; portal Ministerstwa Edukacji i Nauki gromadz\u0105cy informacje o publikacjach polskich naukowc\u00f3w, dorobku publikacyjnym jednostek naukowych oraz o czasopismach polskich i zagranicznych. Stanowi on cz\u0119\u015b\u0107 Zintegrowanego Systemu Informacji o Nauce i Szkolnictwie Wy\u017cszym POL-on<\/span><\/li>\n<li><a href=\"http:\/\/publi.bg.szczecin.pl\" target=\"_blank\" rel=\"noopener\"><strong>Baza Publikacji Pracownik\u00f3w US (Publi)<\/strong><\/a><\/li>\n<li><a href=\"http:\/\/bibliografia.bg.szczecin.pl\/\" target=\"_blank\" rel=\"noopener\"><strong>Bibliografia US<\/strong><\/a><\/li>\n<\/ul>\n<p><strong>INFORMACJE DODATKOWE<\/strong><\/p>\n<ul style=\"list-style-type: circle;\">\n<li style=\"text-align: justify;\"><a href=\"https:\/\/www.doi.org\/index.html\" target=\"_blank\" rel=\"noopener\"><strong>The DOI<sup>\u00ae<\/sup> System<\/strong><\/a> <span style=\"font-size: 10pt;\">&#8211; <span class=\"VIiyi\" lang=\"pl\"><span class=\"JLqJ4b ChMk0b\" data-language-for-alternatives=\"pl\" data-language-to-translate-into=\"en\" data-phrase-index=\"0\">strona internetowa Mi\u0119dzynarodowej Fundacji DOI (IDF), organizacji cz\u0142onkowskiej typu non-profit, kt\u00f3ra jest organem zarz\u0105dzaj\u0105cym dla federacji agencji rejestracyjnych \u015bwiadcz\u0105cych us\u0142ugi i rejestracj\u0119 identyfikatora obiekt\u00f3w cyfrowych (DOI). Na stronie znajduje si\u0119 wyszukiwarka identyfikuj\u0105ca zas\u00f3b z okre\u015blonym <\/span><\/span><span class=\"VIiyi\" lang=\"pl\"><span class=\"JLqJ4b ChMk0b\" data-language-for-alternatives=\"pl\" data-language-to-translate-into=\"en\" data-phrase-index=\"0\">numerem DOI i kieruj\u0105ca do jego dost\u0119pnych, bie\u017c\u0105cych adres\u00f3w w sieci<\/span><\/span><span class=\"VIiyi\" lang=\"pl\"><span class=\"JLqJ4b ChMk0b\" data-language-for-alternatives=\"pl\" data-language-to-translate-into=\"en\" data-phrase-index=\"0\">. Dodatkowo, mo\u017cna zapozna\u0107 si\u0119 z <a href=\"https:\/\/www.doi.org\/registration_agencies.html\" target=\"_blank\" rel=\"noopener\">wykazem agencji rejestracyjnych DOI<\/a><\/span> <\/span><\/span><\/li>\n<li style=\"text-align: justify;\"><a href=\"http:\/\/ekulczycki.pl\/\" target=\"_blank\" rel=\"noopener\"><strong>WARSZTAT BADACZA<\/strong><\/a> <span style=\"font-size: 10pt;\">cenny blog informacyjny <a href=\"https:\/\/ekulczycki.pl\/autor\/\" target=\"_blank\" rel=\"noopener\">prof. Emanuela Kulczyckiego<\/a>&#8211; cz\u0142onka <a href=\"https:\/\/www.gov.pl\/web\/nauka\/i-posiedzenie-komisji-ewaluacji-nauki-za-nami\" target=\"_blank\" rel=\"noopener noreferrer\">Komisji Ewaluacji Nauki, <\/a>cz\u0142onka zarz\u0105du europejskiego stowarzyszenia badaczy ewaluacji nauki: <a href=\"http:\/\/www.evalhum.eu\/\"><i>EvalHum Initiative<\/i><\/a> z siedzib\u0105\u00a0w Rennes i kierownika projektu <em><a href=\"http:\/\/sc.amu.edu.pl\/projects\/parametric-game-in-the-era-of-the-fake-academia-2018-2013\/\" target=\"_blank\" rel=\"noopener noreferrer\">Punktoza w czasach system\u00f3w ewaluacji nauki<\/a><\/em>. Autor bloguje o narz\u0119\u00addziach badaw\u00adczych, pro\u00adgra\u00admach kom\u00adpu\u00adte\u00adro\u00adwych oraz prze\u00adpi\u00adsach regu\u00adlu\u00adj\u0105\u00adcych prac\u0119 naukow\u0105, a tak\u017ce klarownie obja\u015bnia procesy funkcjonowania i zarz\u0105dzania nauk\u0105.<\/span><\/li>\n<li style=\"text-align: justify;\"><a href=\"https:\/\/ndownloader.figshare.com\/files\/10269903\" target=\"_blank\" rel=\"noopener\"><span style=\"font-size: 12pt;\"><strong>Indeksowanie czasopism w<\/strong><strong> ref<\/strong><strong>erencyjnych<\/strong><strong> bazach danych.\u00a0<\/strong><\/span><strong><span style=\"font-size: 14pt;\"><span style=\"font-size: 12pt;\">Poradnik dla wydawc\u00f3w czasopism<\/span><\/span><\/strong><\/a><br \/>\n<span style=\"font-size: 10pt;\">opublikowany w <em><a href=\"https:\/\/ekulczycki.pl\/warsztat_badacza\/figshare-udostepnij-negatywne-wyniki-na-licencji-creative-commons\/\" target=\"_blank\" rel=\"noopener\">Figshare<\/a>\u00a0w\u00a0<\/em>otwartym dost\u0119pie na licencji\u00a0<a class=\"normal-link\" title=\"\" href=\"https:\/\/creativecommons.org\/licenses\/by\/4.0\/\" target=\"_blank\" rel=\"noopener noreferrer\">CC BY 4.0<\/a> w formacie PDF (doi: 10.6084\/M9.FIGSHARE.5683972) poradnik autorstwa Anety Drabek, wsp\u00f3\u0142tw\u00f3rczyni bazy <a href=\"http:\/\/www.arianta.pl\" target=\"_blank\" rel=\"noopener\">ARIANTA<\/a>, przeznaczony dla wydawc\u00f3w i redaktor\u00f3w polskich czasopism naukowych. Poradnik jest po\u015bwi\u0119cony indeksowaniu czasopism w referencyjnych bazach danych i zawiera wiele cennych uwag dotycz\u0105cych wsp\u00f3\u0142pracy mi\u0119dzy redakcjami a tw\u00f3rcami baz.<\/span><\/li>\n<li>\n<p style=\"text-align: justify;\"><span style=\"font-size: 12pt;\"><a href=\"https:\/\/repozytorium.amu.edu.pl\/jspui\/bitstream\/10593\/4369\/8\/Jak_dodac_prace_do_Google_Scholar-v.1.1.pdf\" target=\"_blank\" rel=\"noopener\"><strong>Jak doda\u0107 prace do Google Scholar i zwi\u0119kszy\u0107 liczb\u0119 cytowa\u0144 oraz indeks Hirscha.<\/strong><\/a><\/span><a href=\"https:\/\/repozytorium.amu.edu.pl\/jspui\/bitstream\/10593\/4369\/8\/Jak_dodac_prace_do_Google_Scholar-v.1.1.pdf\" target=\"_blank\" rel=\"noopener\"><strong><span style=\"font-size: 12pt;\"> Poradnik dla pocz\u0105tkuj\u0105cych <\/span><\/strong><\/a><span style=\"font-size: 10pt;\">Autor: <a href=\"https:\/\/ekulczycki.pl\/autor\/\" target=\"_blank\" rel=\"noopener\">Emanuel Kulczycki<\/a>, Wydawca: Stowarzyszenie EBIB, ISBN 978-83-63458-04-1; Tre\u015b\u0107 poradnika udost\u0119pniona na <a href=\"http:\/\/creativecommons.org\/licenses\/by\/3.0\/pl\/\" target=\"_blank\" rel=\"license noopener\">licen\u00adcji Cre\u00adative Com\u00admons Uzna\u00adnie autor\u00adstwa 3.0 Pol\u00adska<\/a> Jest to ksi\u0105\u017cka skierowana przede wszystkim do badaczy, kt\u00f3rzy chc\u0105 zrozumie\u0107, na jakiej zasadzie ich prace s\u0105 widoczne i dost\u0119pne w bazie Google Scholar. Zawiera przejrzyste wskaz\u00f3wki jak mo\u017cna upowszechni\u0107 sw\u00f3j dorobek naukowy, poszerzaj\u0105c w ten spos\u00f3b kr\u0105g czytelnik\u00f3w.<\/span><\/p>\n<\/li>\n<li style=\"text-align: justify;\"><strong><a href=\"https:\/\/jsa-cp.opi.org.pl\/\" target=\"_blank\" rel=\"noopener\">Jednolity System Antyplagiatowy (JSA)<\/a><\/strong> <span style=\"font-size: 10pt;\">&#8211; jedyny, ujednolicony i oficjalny spos\u00f3b weryfikacji oryginalno\u015bci prac dyplomowych, utworzony na podstawie decyzji Ministerstwa Nauki i Szkolnictwa Wy\u017cszego, w celu uporz\u0105dkowania rynku program\u00f3w antyplagiatowych w Polsce.<\/span><\/li>\n<\/ul>\n<p style=\"text-align: justify;\"><strong>ALTMETRIA <\/strong><\/p>\n<p style=\"text-align: justify; padding-left: 40px;\"><span style=\"font-size: 10pt;\">(wska\u017aniki altmetryczne pokazuj\u0105 zasi\u0119g oddzia\u0142ywania prac naukowych w sieci poprzez zbieranie danych pozostawionych przez ich u\u017cytkownik\u00f3w, takich jak: <\/span><span style=\"font-size: 10pt;\">dane z mened\u017cer\u00f3w bibliografii, <\/span><span style=\"font-size: 10pt;\">komentarze,<\/span><span style=\"font-size: 10pt;\"> rekomendacje,<\/span><span style=\"font-size: 10pt;\"> wpisy na blogach,<\/span> <span style=\"font-size: 10pt;\">tweety, polubienia\u00a0 i in.) <span class=\"VIiyi\" lang=\"pl\"><span class=\"JLqJ4b\" data-language-for-alternatives=\"pl\" data-language-to-translate-into=\"en\" data-phrase-index=\"0\" data-number-of-phrases=\"1\">Alternatywne metryki uzupe\u0142niaj\u0105 tradycyjne metryki oparte na cytowaniach i zyskuj\u0105 coraz wi\u0119ksz\u0105 popularno\u015b\u0107 w\u015br\u00f3d instytucji akademickich jako prosty, ale skuteczny spos\u00f3b mierzenia osobistego wp\u0142ywu poszczeg\u00f3lnych badaczy. <\/span><\/span><span class=\"VIiyi\" lang=\"pl\"><span class=\"JLqJ4b\" data-language-for-alternatives=\"pl\" data-language-to-translate-into=\"en\" data-phrase-index=\"0\" data-number-of-phrases=\"1\">Pomaga to autorom zademonstrowa\u0107 ich wp\u0142yw badawczy wkr\u00f3tce po publikacji i zbudowa\u0107 osi\u0105gni\u0119cia akademickie.<\/span><\/span><\/span><\/p>\n<ul style=\"list-style-type: circle;\">\n<li style=\"text-align: justify;\"><span class=\"VIiyi\" lang=\"pl\"><span class=\"JLqJ4b\" data-language-for-alternatives=\"pl\" data-language-to-translate-into=\"en\" data-phrase-index=\"0\" data-number-of-phrases=\"1\"><a href=\"http:\/\/www.altmetric.com\" target=\"_blank\" rel=\"noopener\"><strong>Altmetric<\/strong><\/a> <span style=\"font-size: 10pt;\">jest wiod\u0105cym dostawc\u0105 alternatywnych miernik\u00f3w wp\u0142ywu bada\u0144. Zainstalowanie wtyczki Altmetric w przegl\u0105darkach: Chrome, Safari, Firefox pozwoli na \u015bledzenie altmetrycznych danych opublikowanego artyku\u0142u.<\/span><\/span><\/span><span class=\"VIiyi\" lang=\"pl\"><span class=\"JLqJ4b\" data-language-for-alternatives=\"pl\" data-language-to-translate-into=\"en\" data-phrase-index=\"0\" data-number-of-phrases=\"1\"><br \/>\n<\/span><\/span><\/li>\n<li><a href=\"https:\/\/www.dimensions.ai\/products\/free\/\" target=\"_blank\" rel=\"noopener\"><strong>Dimensions<\/strong><\/a> <span style=\"font-size: 10pt;\">&#8211; aplikacja umo\u017cliwiaj\u0105ca wyszukiwanie wska\u017anik\u00f3w altmetrycznych w indeksowanych publikacjach.<\/span><\/li>\n<li><strong><a href=\"https:\/\/profiles.impactstory.org\/\" target=\"_blank\" rel=\"noopener\">Impactstory<\/a>\u00a0<\/strong><span style=\"font-size: 10pt;\">\u2013 serwis pozwalaj\u0105cy na wyszukiwanie i zestawianie r\u00f3\u017cnych wska\u017anik\u00f3w altmetrycznych poprzez profil autora ORCID lub Tweeter.<\/span><\/li>\n<\/ul>\n<p>&nbsp;<\/p>\n<p>&nbsp;<\/p>\n<p><span style=\"font-size: 10pt;\"><em>Ostatnia aktualizacja: 19.11.2025<\/em><\/span><\/p>\n","protected":false},"excerpt":{"rendered":"<p>RANKINGI CZASOPISM Wykaz czasopism naukowych i recenzowanych materia\u0142\u00f3w z konferencji mi\u0119dzynarodowych\u00a0 z przypisan\u0105 liczb\u0105 punkt\u00f3w MNiSW 2024r.(pdf) Wykaz czasopism naukowych&hellip;<\/p>\n","protected":false},"author":3,"featured_media":0,"parent":0,"menu_order":0,"comment_status":"closed","ping_status":"closed","template":"","meta":[],"_links":{"self":[{"href":"https:\/\/scbm.usz.edu.pl\/index.php\/wp-json\/wp\/v2\/pages\/999"}],"collection":[{"href":"https:\/\/scbm.usz.edu.pl\/index.php\/wp-json\/wp\/v2\/pages"}],"about":[{"href":"https:\/\/scbm.usz.edu.pl\/index.php\/wp-json\/wp\/v2\/types\/page"}],"author":[{"embeddable":true,"href":"https:\/\/scbm.usz.edu.pl\/index.php\/wp-json\/wp\/v2\/users\/3"}],"replies":[{"embeddable":true,"href":"https:\/\/scbm.usz.edu.pl\/index.php\/wp-json\/wp\/v2\/comments?post=999"}],"version-history":[{"count":34,"href":"https:\/\/scbm.usz.edu.pl\/index.php\/wp-json\/wp\/v2\/pages\/999\/revisions"}],"predecessor-version":[{"id":2635,"href":"https:\/\/scbm.usz.edu.pl\/index.php\/wp-json\/wp\/v2\/pages\/999\/revisions\/2635"}],"wp:attachment":[{"href":"https:\/\/scbm.usz.edu.pl\/index.php\/wp-json\/wp\/v2\/media?parent=999"}],"curies":[{"name":"wp","href":"https:\/\/api.w.org\/{rel}","templated":true}]}}