{"id":528,"date":"2020-04-07T11:20:32","date_gmt":"2020-04-07T09:20:32","guid":{"rendered":"https:\/\/scbm.usz.edu.pl\/?page_id=528"},"modified":"2026-03-02T11:56:46","modified_gmt":"2026-03-02T10:56:46","slug":"czytelnia-on-line","status":"publish","type":"page","link":"https:\/\/scbm.usz.edu.pl\/index.php\/czytelnia-on-line\/","title":{"rendered":"CZYTELNIA on-line"},"content":{"rendered":"<ul>\n<li><a href=\"https:\/\/scbm.usz.edu.pl\/index.php\/czytelnia-on-line-kultura-fizyczna-i-zdrowie\/\"><strong>KULTURA FIZYCZNA <\/strong><\/a><\/li>\n<li><a href=\"https:\/\/scbm.usz.edu.pl\/index.php\/czytelnia-on-line-nauki-humanistyczne\/\"><strong>NAUKI HUMANISTYCZNE<\/strong><\/a><\/li>\n<\/ul>\n<p>&nbsp;<\/p>\n<p><strong>\u0179R\u00d3D\u0141A WIELODZIEDZINOWE<\/strong><\/p>\n<hr \/>\n<ul>\n<li><a href=\"https:\/\/scbm.usz.edu.pl\/index.php\/biblioteki-cyfrowe\/\"><strong>BIBLIOTEKI CYFROWE w Polsce i na \u015bwiecie<\/strong><\/a><\/li>\n<\/ul>\n<hr \/>\n<ul>\n<li style=\"text-align: justify;\"><strong><a href=\"https:\/\/bibliotekanauki.pl\/\" target=\"_blank\" rel=\"noopener\">Biblioteka Nauki<\/a><\/strong><span style=\"font-size: 10pt;\"> &#8211; serwis prowadzony w <a href=\"https:\/\/icm.edu.pl\/\" target=\"_blank\" rel=\"noreferrer noopener\">Interdyscyplinarnym Centrum Modelowania Matematycznego i Komputerowego Uniwersytetu Warszawskiego<\/a> w ramach <a href=\"http:\/\/pon.edu.pl\/\" target=\"_blank\" rel=\"noopener\">Platformy Otwartej Nauki<\/a>, kt\u00f3ry udost\u0119pnia w spos\u00f3b otwarty pe\u0142ne teksty artyku\u0142\u00f3w publikowanych w polskich czasopismach naukowych, pochodz\u0105ce z pi\u0119ciu baz dziedzinowych: AGRO, BazTech, CEJSH, DML-PL, PSJD i pe\u0142ne teksty wybranych ksi\u0105\u017cek naukowych (<\/span><span style=\"font-size: 10pt;\">wraz z ich metadanymi) <\/span><span style=\"font-size: 10pt;\">gromadzonych wcze\u015bniej w serwisie Otw\u00f3rz Ksi\u0105\u017ck\u0119, oraz inne ksi\u0105\u017cki udost\u0119pnione przez wsp\u00f3\u0142pracuj\u0105cych z Bibliotek\u0105 Nauki wydawc\u00f3w<\/span><strong><strong><strong><span style=\"font-size: 10pt;\">.<br \/>\n<\/span><\/strong><\/strong><\/strong><\/li>\n<\/ul>\n<hr \/>\n<ul>\n<li><a href=\"https:\/\/wbn.icm.edu.pl\/e-czasopisma\/\" target=\"_blank\" rel=\"noopener\"><strong>CZASOPISMA<\/strong><\/a><small>\u00a0 (wyszukiwarka Biblioteki Wirtualnej Nauki) Narz\u0119dzie do wyszukiwania czasopism wydawc\u00f3w Elsevier (1819 tytu\u0142\u00f3w), Springer (2243 tytu\u0142y) i Wiley (1410 tytu\u0142\u00f3w) dost\u0119pnych w licencjach krajowych w roku 2019.<\/small><\/li>\n<\/ul>\n<hr \/>\n<ul>\n<li><strong><a href=\"https:\/\/wbn.icm.edu.pl\/e-ksiazki\/\" target=\"_blank\" rel=\"noopener\">E-KSI\u0104\u017bKI<\/a><\/strong> (wyszukiwarka Biblioteki Wirtualnej Nauki) <span style=\"font-size: 10pt;\"><small>Wyszukiwarka b\u0119dzie docelowo obejmowa\u0107 wszystkie ksi\u0105\u017cki dost\u0119pne w ramach licencji krajowych Elsevier, Springer i Wiley. Obecnie mo\u017cna przegl\u0105da\u0107 77497 e-ksi\u0105\u017cek angloj\u0119zycznych wydanych przez Springera w latach 2004-2018, 2515 e-ksi\u0105\u017cek wydanych przez Elseviera w latach 2011-2015 oraz 2449 e-ksi\u0105\u017cek wydanych przez Wileya w roku 2009 i 2015 . Wyszukiwarka pozwala wybra\u0107 jedn\u0105 z 31 dziedzin tematycznych i 209 poddziedzin. Wyb\u00f3r dziedziny jest konieczny.<\/small><\/span><\/li>\n<\/ul>\n<hr \/>\n<ul>\n<li style=\"text-align: justify;\"><a href=\"https:\/\/www.frontiersin.org\/\" target=\"_blank\" rel=\"noopener\"><strong data-start=\"1017\" data-end=\"1030\">Frontiers<\/strong><\/a>\u00a0 <span style=\"font-size: 10pt;\">mi\u0119dzynarodowa platforma naukowa i wydawca recenzowanych artyku\u0142\u00f3w naukowych w modelu <strong data-start=\"1120\" data-end=\"1135\">open access<\/strong>. Strona umo\u017cliwia dost\u0119p do tysi\u0105ca czasopism obejmuj\u0105cych r\u00f3\u017cnorodne dziedziny badawcze, a wszystkie publikacje s\u0105 bezp\u0142atnie udost\u0119pniane czytelnikom na ca\u0142ym \u015bwiecie. Frontiers stosuje rygorystyczny proces recenzji naukowej i nowoczesne narz\u0119dzia wspieraj\u0105ce publikowanie, a jej misj\u0105 jest przyspieszenie post\u0119pu nauki poprzez otwarty dost\u0119p do wynik\u00f3w bada\u0144.<\/span><\/li>\n<\/ul>\n<hr \/>\n<ul>\n<li><a href=\"http:\/\/otworzksiazke.pl\/\" target=\"_blank\" rel=\"noopener\"><strong>Otw\u00f3rz Ksi\u0105\u017ck\u0119<\/strong><\/a> <span style=\"font-size: 10pt;\">&#8211; cyfrowa kolekcja ksi\u0105\u017cek naukowych polskich uczonych reprezentuj\u0105cych r\u00f3\u017cne dziedziny wiedzy.<\/span><\/li>\n<\/ul>\n<hr \/>\n<ul>\n<li><strong><a class=\"navbar-brand\" href=\"https:\/\/repo.usz.edu.pl\/\" target=\"_blank\" rel=\"noopener\">Repozytorium Publikacji i Biblioteka Cyfrowa<\/a><\/strong> <a href=\"https:\/\/repo.usz.edu.pl\/\" target=\"_blank\" rel=\"noopener\"><strong>Biblioteki G\u0142\u00f3wnej Uniwersytetu Szczeci\u0144skiego<\/strong><\/a><\/li>\n<\/ul>\n<p style=\"text-align: left;\" align=\"center\"><em><span style=\"font-size: 10.0pt; font-family: 'Arial',sans-serif; color: #333333;\">Ostatnia aktualizacja:<\/span><span style=\"font-size: 10.0pt; font-family: 'Arial',sans-serif; color: #333333;\"> 2.03.2026 r.<\/span><\/em><\/p>\n","protected":false},"excerpt":{"rendered":"<p>KULTURA FIZYCZNA NAUKI HUMANISTYCZNE &nbsp; \u0179R\u00d3D\u0141A WIELODZIEDZINOWE BIBLIOTEKI CYFROWE w Polsce i na \u015bwiecie Biblioteka Nauki &#8211; serwis prowadzony w&hellip;<\/p>\n","protected":false},"author":3,"featured_media":0,"parent":0,"menu_order":0,"comment_status":"closed","ping_status":"closed","template":"","meta":[],"_links":{"self":[{"href":"https:\/\/scbm.usz.edu.pl\/index.php\/wp-json\/wp\/v2\/pages\/528"}],"collection":[{"href":"https:\/\/scbm.usz.edu.pl\/index.php\/wp-json\/wp\/v2\/pages"}],"about":[{"href":"https:\/\/scbm.usz.edu.pl\/index.php\/wp-json\/wp\/v2\/types\/page"}],"author":[{"embeddable":true,"href":"https:\/\/scbm.usz.edu.pl\/index.php\/wp-json\/wp\/v2\/users\/3"}],"replies":[{"embeddable":true,"href":"https:\/\/scbm.usz.edu.pl\/index.php\/wp-json\/wp\/v2\/comments?post=528"}],"version-history":[{"count":73,"href":"https:\/\/scbm.usz.edu.pl\/index.php\/wp-json\/wp\/v2\/pages\/528\/revisions"}],"predecessor-version":[{"id":2793,"href":"https:\/\/scbm.usz.edu.pl\/index.php\/wp-json\/wp\/v2\/pages\/528\/revisions\/2793"}],"wp:attachment":[{"href":"https:\/\/scbm.usz.edu.pl\/index.php\/wp-json\/wp\/v2\/media?parent=528"}],"curies":[{"name":"wp","href":"https:\/\/api.w.org\/{rel}","templated":true}]}}