{"id":470,"date":"2019-03-16T12:08:27","date_gmt":"2019-03-16T11:08:27","guid":{"rendered":"https:\/\/scbm.usz.edu.pl\/?page_id=470"},"modified":"2024-01-17T14:56:24","modified_gmt":"2024-01-17T13:56:24","slug":"e-czasopisma-dziennikarstwo","status":"publish","type":"page","link":"https:\/\/scbm.usz.edu.pl\/index.php\/e-czasopisma-dziennikarstwo\/","title":{"rendered":"e-Czasopisma &#8211; medioznawstwo"},"content":{"rendered":"<p><strong>\u00a0\u00a0<span style=\"color: #993300;\"> A<\/span><\/strong><span style=\"color: #800000;\"><span style=\"color: #993300;\"><strong> \u00a0 <\/strong><\/span><\/span><\/p>\n<p><span style=\"color: #800000;\"><span style=\"color: #993300;\"><strong>\u00a0\u00a0 B<br \/>\n<\/strong><\/span><strong><span style=\"color: #993300;\">\u00a0\u00a0 C<\/span><br \/>\n<a href=\"https:\/\/cejc.ptks.pl\/\" target=\"_blank\" rel=\"noopener\"><span style=\"color: #ffcc00;\"><span style=\"color: #ff99cc;\"><span style=\"color: #c4784f;\">Central European Journal of Communication<\/span><\/span><\/span><\/a><\/strong><\/span><\/p>\n<p><span style=\"color: #800000;\"><strong>\u00a0\u00a0 <span style=\"color: #993300;\">D<\/span><br \/>\n<a href=\"https:\/\/wuwr.pl\/dzm\" target=\"_blank\" rel=\"noopener\"><span style=\"color: #c4784f;\">Dziennikarstwo i Media<\/span><\/a><\/strong><\/span><\/p>\n<p><span style=\"color: #800000;\"><strong>\u00a0\u00a0 <span style=\"color: #993300;\">E<\/span><br \/>\n<\/strong><span style=\"color: #993300;\"><strong>\u00a0\u00a0 F<br \/>\n<\/strong><strong>\u00a0\u00a0 G<br \/>\n<\/strong><strong>\u00a0\u00a0 H<br \/>\n<\/strong><strong>\u00a0\u00a0 I<br \/>\n<\/strong><strong>\u00a0\u00a0 J<\/strong><\/span><\/span><\/p>\n<p><span style=\"color: #800000;\"><strong><span style=\"color: #993300;\">\u00a0\u00a0 K<\/span><br \/>\n<a href=\"https:\/\/wuwr.pl\/kd\" target=\"_blank\" rel=\"noopener\"><span style=\"color: #c4784f;\">Klinika Dziennikarstwa<\/span><\/a><\/strong><\/span><\/p>\n<p><span style=\"color: #800000;\"><strong>\u00a0\u00a0 <span style=\"color: #993300;\">L<\/span><br \/>\n<\/strong><span style=\"color: #993300;\"><strong>\u00a0\u00a0 M<br \/>\n<\/strong><strong>\u00a0\u00a0 N<\/strong><\/span><\/span><\/p>\n<p><span style=\"color: #800000;\"><strong><span style=\"color: #993300;\">\u00a0\u00a0 O<\/span><br \/>\n<a href=\"https:\/\/wuwr.pl\/okom\" target=\"_blank\" rel=\"noopener\"><span style=\"color: #c4784f;\">Oblicza Komunikacji<\/span><\/a><\/strong><\/span><\/p>\n<p><span style=\"color: #800000;\"><strong>\u00a0\u00a0 <span style=\"color: #993300;\">P<\/span><br \/>\n<\/strong><span style=\"color: #993300;\"><strong>\u00a0\u00a0 R<\/strong><\/span><\/span><\/p>\n<p><span style=\"color: #800000;\"><span style=\"color: #993300;\"><span style=\"color: #c4784f;\"><strong><a style=\"color: #c4784f;\" href=\"http:\/\/rhpp.up.krakow.pl\/\" target=\"_blank\" rel=\"noopener\">Rocznik Historii Prasy Polskiej<\/a><\/strong><\/span><strong>\u00a0\u00a0 <\/strong><\/span><\/span><\/p>\n<p><span style=\"color: #800000;\"><span style=\"color: #993300;\"><strong>\u00a0\u00a0 S<br \/>\n<\/strong><strong>\u00a0\u00a0 T<br \/>\n<\/strong><strong>\u00a0\u00a0 W<br \/>\n<\/strong><strong>\u00a0\u00a0 Z<\/strong><\/span><\/span><\/p>\n<p><span style=\"color: #800000;\"><span style=\"color: #993300;\"><strong><br \/>\n<em>Wi\u0119cej czasopism naukowych i bran\u017cowych z dziedziny dziennikarstwa i medi\u00f3w serwisie Arianta:<br \/>\n<\/em><\/strong><\/span><\/span><a href=\"https:\/\/arianta.pl\/#\/dziedzina\/211\" target=\"_blank\" rel=\"noopener\">https:\/\/arianta.pl\/#\/dziedzina\/211<\/a><\/p>\n<p>&nbsp;<\/p>\n<p>&nbsp;<\/p>\n<p><span style=\"font-size: 8pt;\"><em>Ostatnia aktualizacja: 17.01.2024<\/em><\/span><\/p>\n","protected":false},"excerpt":{"rendered":"<p>\u00a0\u00a0 A \u00a0 \u00a0\u00a0 B \u00a0\u00a0 C Central European Journal of Communication \u00a0\u00a0 D Dziennikarstwo i Media \u00a0\u00a0 E \u00a0\u00a0&hellip;<\/p>\n","protected":false},"author":2,"featured_media":0,"parent":0,"menu_order":0,"comment_status":"closed","ping_status":"closed","template":"","meta":[],"_links":{"self":[{"href":"https:\/\/scbm.usz.edu.pl\/index.php\/wp-json\/wp\/v2\/pages\/470"}],"collection":[{"href":"https:\/\/scbm.usz.edu.pl\/index.php\/wp-json\/wp\/v2\/pages"}],"about":[{"href":"https:\/\/scbm.usz.edu.pl\/index.php\/wp-json\/wp\/v2\/types\/page"}],"author":[{"embeddable":true,"href":"https:\/\/scbm.usz.edu.pl\/index.php\/wp-json\/wp\/v2\/users\/2"}],"replies":[{"embeddable":true,"href":"https:\/\/scbm.usz.edu.pl\/index.php\/wp-json\/wp\/v2\/comments?post=470"}],"version-history":[{"count":22,"href":"https:\/\/scbm.usz.edu.pl\/index.php\/wp-json\/wp\/v2\/pages\/470\/revisions"}],"predecessor-version":[{"id":2241,"href":"https:\/\/scbm.usz.edu.pl\/index.php\/wp-json\/wp\/v2\/pages\/470\/revisions\/2241"}],"wp:attachment":[{"href":"https:\/\/scbm.usz.edu.pl\/index.php\/wp-json\/wp\/v2\/media?parent=470"}],"curies":[{"name":"wp","href":"https:\/\/api.w.org\/{rel}","templated":true}]}}