{"id":445,"date":"2019-03-16T08:48:42","date_gmt":"2019-03-16T07:48:42","guid":{"rendered":"https:\/\/scbm.usz.edu.pl\/?page_id=445"},"modified":"2025-12-19T09:22:39","modified_gmt":"2025-12-19T08:22:39","slug":"e-czasopisma-wszystkie","status":"publish","type":"page","link":"https:\/\/scbm.usz.edu.pl\/index.php\/e-czasopisma-wszystkie\/","title":{"rendered":"e-Czasopisma &#8211; wszystkie"},"content":{"rendered":"<p><strong>\u00a0\u00a0 <span style=\"color: #ff6600;\"><span style=\"color: #800000;\">A<\/span><br \/>\n<a style=\"color: #ff6600;\" href=\"https:\/\/czasopisma.uwm.edu.pl\/index.php\/apr\" target=\"_blank\" rel=\"noopener\">Acta Polono-Ruthenica<\/a><br \/>\n<a style=\"color: #ff6600;\" href=\"https:\/\/wuwr.pl\/awr\/about\" target=\"_blank\" rel=\"noopener\">Anglica Wratislaviensia<\/a><br \/>\n<a href=\"https:\/\/wnus.edu.pl\/au\/pl\/\" target=\"_blank\" rel=\"noopener\"><span style=\"color: #ff9900;\"><span style=\"color: #993300;\"><span style=\"color: #800000;\">Autobiografia<\/span><\/span><\/span><\/a><br \/>\n<\/span><\/strong><\/p>\n<p><span style=\"color: #ff6600;\"><strong>\u00a0\u00a0 <span style=\"color: #800000;\">B<\/span><br \/>\n<a href=\"https:\/\/fil.ug.edu.pl\/wydzial\/instytuty_i_katedry\/instytut_anglistyki_i_amerykanistyki\/czasopismo_naukowe_beyond_philology\" target=\"_blank\" rel=\"noopener\"><span style=\"color: #ff9900;\"><span style=\"color: #ff6600;\">Beyond Philology<\/span><\/span><\/a><br \/>\n<span style=\"color: #ff6600;\"><a style=\"color: #ff6600;\" href=\"https:\/\/czasopisma.filologia.uwb.edu.pl\/index.php\/baj\/issue\/archive\" target=\"_blank\" rel=\"noopener\">Bia\u0142ostockie Archiwum J\u0119zykowe<\/a><\/span><br \/>\n<span style=\"color: #ff6600;\"><a style=\"color: #ff6600;\" href=\"http:\/\/bsl.uwb.edu.pl\/index.php\" target=\"_blank\" rel=\"noopener\">Bia\u0142ostockie Studia Literaturoznawcze<\/a><\/span><\/strong><\/span><\/p>\n<p><span style=\"color: #ff6600;\"><span style=\"color: #993300;\"><strong>\u00a0\u00a0 <span style=\"color: #800000;\">C<\/span><br \/>\n<span style=\"color: #800000;\"><a style=\"color: #800000;\" href=\"https:\/\/wnus.edu.pl\/cgs\/pl\/\" target=\"_blank\" rel=\"noopener\">Colloquia Germanica Stetinensia<\/a><\/span><\/strong><\/span><\/span><\/p>\n<p><span style=\"color: #ff6600;\"><span style=\"color: #993300;\"><span style=\"color: #800000;\"><strong>\u00a0\u00a0 D<br \/>\n<\/strong><\/span><\/span><\/span><span style=\"color: #ff6600;\"><span style=\"color: #993300;\"><span style=\"color: #800000;\"><strong><a href=\"https:\/\/pe.szczecin.pl\/chapter_201347.asp\"><span style=\"color: #ff6600;\">Dialogi<\/span><\/a><br \/>\n<\/strong><\/span><strong><span style=\"color: #800000;\">\u00a0\u00a0 E<\/span><br \/>\n<\/strong><\/span><\/span><a href=\"https:\/\/e-elewator.org\/\" target=\"_blank\" rel=\"noopener\"><strong><span style=\"color: #ff6600;\">e-eleWator \u2013 Internetowy zachodniopomorski miesi\u0119cznik literacki<\/span> <\/strong><\/a><br \/>\n<span style=\"color: #ff6600;\"><span style=\"color: #993300;\"><strong><a href=\"http:\/\/www.journals.us.edu.pl\/index.php\/ERRGO\/index\" target=\"_blank\" rel=\"noopener\"><span style=\"color: #ff9900;\"><span style=\"color: #ff6600;\">Er(r)go: teoria, literatura, kultura<\/span><\/span><\/a><br \/>\n<span style=\"color: #ff6600;\"><a style=\"color: #ff6600;\" href=\"https:\/\/journals.umcs.pl\/et\/index\" target=\"_blank\" rel=\"noopener\">Etnolingwistyka<\/a><\/span><br \/>\n<span style=\"color: #ff6600;\"><a style=\"color: #ff6600;\" href=\"http:\/\/eh.wuwr.pl\/\" target=\"_blank\" rel=\"noopener\">Estudios Hispanicos<\/a><\/span><\/strong><\/span><\/span><\/p>\n<p><span style=\"color: #ff6600;\"><span style=\"color: #993300;\"><strong>\u00a0\u00a0<span style=\"color: #800000;\"> F<\/span><br \/>\n<a href=\"http:\/\/journals.pan.pl\/for\" target=\"_blank\" rel=\"noopener\"><span style=\"color: #ff9900;\"><span style=\"color: #ff6600;\">Folia Orientalia<\/span><\/span><\/a><\/strong><\/span><\/span><\/p>\n<p><span style=\"color: #ff6600;\"><span style=\"color: #993300;\"><strong>\u00a0\u00a0 <span style=\"color: #800000;\">G<\/span><br \/>\n<a href=\"http:\/\/gwr.wuwr.pl\/\" target=\"_blank\" rel=\"noopener\"><span style=\"color: #ff9900;\"><span style=\"color: #ff6600;\">Germanica Wratislaviensia<\/span><\/span><\/a><\/strong><\/span><\/span><\/p>\n<p><span style=\"color: #ff6600;\"><span style=\"color: #993300;\"><strong>\u00a0\u00a0 <span style=\"color: #800000;\">H<\/span><br \/>\n<\/strong><span style=\"color: #800000;\"><strong>\u00a0\u00a0 I<br \/>\n<\/strong><strong>\u00a0\u00a0 J<\/strong><\/span><\/span><\/span><\/p>\n<p><span style=\"color: #ff6600;\"><span style=\"color: #993300;\"><strong><span style=\"color: #800000;\">\u00a0\u00a0 K<\/span><br \/>\n<a href=\"http:\/\/kj.wuwr.pl\/\" target=\"_blank\" rel=\"noopener\"><span style=\"color: #ff9900;\"><span style=\"color: #ff6600;\">Kszta\u0142cenie J\u0119zykowe<\/span><\/span><\/a><br \/>\n<span style=\"color: #ff6600;\"><a style=\"color: #ff6600;\" href=\"http:\/\/journals.pan.pl\/kn\" target=\"_blank\" rel=\"noopener\">Kwartalnik Neofilologiczny<\/a><\/span><\/strong><\/span><\/span><\/p>\n<p><span style=\"color: #ff6600;\"><span style=\"color: #993300;\"><strong>\u00a0\u00a0 <span style=\"color: #800000;\">L<\/span><br \/>\n<a href=\"https:\/\/czasopisma.filologia.uwb.edu.pl\/index.php\/l\/issue\/archive\" target=\"_blank\" rel=\"noopener\"><span style=\"color: #ff9900;\"><span style=\"color: #ff6600;\">Linguodidactica<\/span><\/span><\/a><br \/>\n<span style=\"color: #ff6600;\"><a style=\"color: #ff6600;\" href=\"http:\/\/journals.pan.pl\/linsi\" target=\"_blank\" rel=\"noopener\">Linguistica Silesiana<\/a><\/span><br \/>\n<span style=\"color: #ff6600;\"><a style=\"color: #ff6600;\" href=\"http:\/\/lkp.wuwr.pl\/\" target=\"_blank\" rel=\"noopener\">Literatura i Kultura Popularna<\/a><\/span><br \/>\n<span style=\"color: #ff6600;\"><a style=\"color: #ff6600;\" href=\"http:\/\/apcz.umk.pl\/czasopisma\/index.php\/LL\/index\" target=\"_blank\" rel=\"noopener\">Literatura Ludowa<\/a><\/span><br \/>\n<\/strong><\/span><a style=\"color: #ff6600;\" href=\"http:\/\/www.revues.armand-colin.com\/numeros-revues\/19\" target=\"_blank\" rel=\"noopener\"><strong><span style=\"font-size: 12pt;\">Le Fran\u00e7ais Aujourd&#8217;hui<\/span><\/strong><\/a><\/span><br \/>\n<a href=\"http:\/\/www.lsmll.umcs.lublin.pl\/index.php?id=archiwum&amp;chosen_lang=en\" target=\"_blank\" rel=\"noopener\"><strong><span style=\"color: #ff6600;\">Lubelskie Materia\u0142y Neofilologiczne<\/span><\/strong><\/a><\/p>\n<p><span style=\"color: #ff6600;\"><span style=\"color: #993300;\"><strong>\u00a0\u00a0 <span style=\"color: #800000;\">M<\/span><br \/>\n<a href=\"http:\/\/journals.pan.pl\/dlibra\/journal\/99849\" target=\"_blank\" rel=\"noopener\"><span style=\"color: #ff9900;\"><span style=\"color: #ff6600;\">Meander<\/span><\/span><\/a><br \/>\n<a href=\"https:\/\/wnus.edu.pl\/me\/pl\/issues\/\" target=\"_blank\" rel=\"noopener\"><span style=\"color: #993300;\"><span style=\"color: #800000;\">Meluzyna<\/span><\/span><\/a><\/strong><\/span><\/span><\/p>\n<p><span style=\"color: #ff6600;\"><span style=\"color: #993300;\"><strong><span style=\"color: #800000;\">\u00a0\u00a0 N<\/span><br \/>\n<a href=\"http:\/\/www.napis.edu.pl\/history-of-the-journal.php\" target=\"_blank\" rel=\"noopener\"><span style=\"color: #ff9900;\"><span style=\"color: #ff6600;\">Napis<\/span><\/span><\/a><br \/>\n<span style=\"color: #ff6600;\"><a style=\"color: #ff6600;\" href=\"https:\/\/www.nlobooks.ru\/magazines\/?f=novoe_literaturnoe_obozrenie\" target=\"_blank\" rel=\"noopener\">Novoe Literaturnoe Obozrenie<\/a><\/span><br \/>\n<\/strong><\/span><\/span><\/p>\n<p><span style=\"color: #ff6600;\"><span style=\"color: #993300;\"><strong>\u00a0\u00a0 <span style=\"color: #800000;\">O<\/span><br \/>\n<a href=\"http:\/\/journals.pan.pl\/onomastica\" target=\"_blank\" rel=\"noopener\"><span style=\"color: #ff9900;\"><span style=\"color: #ff6600;\">Onomastica<\/span><\/span><\/a><br \/>\n<\/strong><\/span><\/span><a href=\"http:\/\/www.ifg.uni.wroc.pl\/magazine\/orbis-linguarum\/\" target=\"_blank\" rel=\"noopener\"><strong><span style=\"color: #ff6600;\">Orbis Linguarum<\/span><\/strong><\/a><\/p>\n<p><span style=\"color: #ff6600;\"><span style=\"color: #993300;\"><strong>\u00a0\u00a0 <span style=\"color: #800000;\">P<\/span><br \/>\n<a href=\"https:\/\/pamietnik-literacki.pl\/\" target=\"_blank\" rel=\"noopener\"><span style=\"color: #ff9900;\"><span style=\"color: #ff6600;\">Pami\u0119tnik Literacki<\/span><\/span><\/a><br \/>\n<span style=\"color: #ff6600;\"><a style=\"color: #ff6600;\" href=\"http:\/\/podglad.com.pl\/\" target=\"_blank\" rel=\"noopener\">Podgl\u0105d<\/a><\/span><br \/>\n<span style=\"color: #ff6600;\"><a style=\"color: #ff6600;\" href=\"http:\/\/pkult.wuwr.pl\/\" target=\"_blank\" rel=\"noopener\">Prace Kulturoznawcze<\/a><\/span><br \/>\n<span style=\"color: #ff6600;\"><a style=\"color: #ff6600;\" href=\"http:\/\/plit.wuwr.pl\/\" target=\"_blank\" rel=\"noopener\">Prace Literackie<\/a><\/span><br \/>\n<a href=\"https:\/\/czasopisma.ltn.lodz.pl\/Prace-Polonistyczne\" target=\"_blank\" rel=\"noopener\"><span style=\"color: #ff6600;\">Prace Polonistyczne<\/span><\/a><br \/>\n<span style=\"color: #ff6600;\"><a style=\"color: #ff6600;\" href=\"https:\/\/przegladhumanistyczny.pl\" target=\"_blank\" rel=\"noopener\">Przegl\u0105d Humanistyczny<\/a><\/span><br \/>\n<span style=\"color: #ff6600;\"><a style=\"color: #ff6600;\" href=\"http:\/\/www.journals.us.edu.pl\/index.php\/PR\/index\" target=\"_blank\" rel=\"noopener\">Przegl\u0105d Rusycystyczny<\/a><\/span><br \/>\n<\/strong><\/span><\/span><\/p>\n<p><span style=\"color: #ff6600;\"><span style=\"color: #993300;\"><strong>\u00a0\u00a0 <span style=\"color: #800000;\">R<\/span><br \/>\n<a href=\"https:\/\/rocznik.bn.org.pl\" target=\"_blank\" rel=\"noopener\"><span style=\"color: #ff9900;\"><span style=\"color: #ff6600;\">Rocznik Biblioteki Narodowej<\/span><\/span><\/a><br \/>\n<span style=\"color: #ff6600;\"><a style=\"color: #ff6600;\" href=\"http:\/\/rhpp.up.krakow.pl\/\" target=\"_blank\" rel=\"noopener\">Rocznik Historii Prasy Polskiej<\/a><\/span><br \/>\n<a href=\"https:\/\/wnus.edu.pl\/rk\/pl\/\" target=\"_blank\" rel=\"noopener\"><span style=\"color: #993300;\"><span style=\"color: #800000;\">Rocznik Komparatystyczny<\/span><\/span><\/a><br \/>\n<a href=\"http:\/\/journals.pan.pl\/ro\" target=\"_blank\" rel=\"noopener\"><span style=\"color: #ff9900;\"><span style=\"color: #ff6600;\">Rocznik Orientalistyczny \/ Yearbook of Oriental Studies<\/span><\/span><\/a><br \/>\n<span style=\"color: #ff6600;\"><a style=\"color: #ff6600;\" href=\"http:\/\/journals.pan.pl\/rslaw\" target=\"_blank\" rel=\"noopener\">Rocznik Slawistyczny<\/a><\/span><br \/>\n<span style=\"color: #ff6600;\"><a style=\"color: #ff6600;\" href=\"http:\/\/rbibl.wuwr.pl\/\" target=\"_blank\" rel=\"noopener\">Roczniki Biblioteczne<\/a><\/span><br \/>\n<span style=\"color: #ff6600;\"><a style=\"color: #ff6600;\" href=\"http:\/\/rwr.wuwr.pl\/\" target=\"_blank\" rel=\"noopener\">Romanica\u00a0 Wratislaviensia<\/a><\/span><br \/>\n<span style=\"color: #ff6600;\"><a style=\"color: #ff6600;\" href=\"http:\/\/czasopisma.ltn.lodz.pl\/index.php\/Rozprawy-Komisji-Jezykowej\/scope\" target=\"_blank\" rel=\"noopener\">Rozprawy Komisji J\u0119zykowej<\/a><\/span><br \/>\n<span style=\"color: #ff6600;\"><a style=\"color: #ff6600;\" href=\"http:\/\/journals.pan.pl\/rl\" target=\"_blank\" rel=\"noopener\">Ruch Literacki<\/a><\/span><\/strong><\/span><\/span><\/p>\n<p><span style=\"color: #ff6600;\"><span style=\"color: #993300;\"><strong>\u00a0\u00a0 <span style=\"color: #800000;\">S<\/span><br \/>\n<a href=\"http:\/\/journals.pan.pl\/slo\" target=\"_blank\" rel=\"noopener\"><span style=\"color: #ff9900;\"><span style=\"color: #ff6600;\">Slavia Orientalis<\/span><\/span><\/a><br \/>\n<a href=\"http:\/\/swr.wuwr.pl\/\" target=\"_blank\" rel=\"noopener\"><span style=\"color: #ff9900;\"><span style=\"color: #ff6600;\">Slavica Wratislaviensia<\/span><\/span><\/a><br \/>\n<\/strong><\/span><\/span><a href=\"https:\/\/riviste.unimi.it\/index.php\/StudiaAustriaca\/issue\/archive\" target=\"_blank\" rel=\"noopener\"><strong><span style=\"color: #ff6600;\">Studia Austriaca<\/span><\/strong><\/a><br \/>\n<a href=\"https:\/\/czasopisma.bg.ug.edu.pl\/index.php\/SGG\/issue\/view\/272\" target=\"_blank\" rel=\"noopener\"><strong><span style=\"color: #ff6600;\">Studia Germanica Gedanensia<\/span><\/strong><\/a><br \/>\n<a href=\"https:\/\/pressto.amu.edu.pl\/index.php\/sgp\/issue\/archive\" target=\"_blank\" rel=\"noopener\"><strong><span style=\"color: #ff6600;\">Studia Germanica Posnaniensia<\/span><\/strong><\/a><br \/>\n<span style=\"color: #ff6600;\"><span style=\"color: #993300;\"><strong><span style=\"color: #ff6600;\"><a style=\"color: #ff6600;\" href=\"https:\/\/wnus.edu.pl\/sj\/pl\/page\/home\" target=\"_blank\" rel=\"noopener\">Studia J\u0119zykoznawcze<\/a><\/span><br \/>\n<a href=\"http:\/\/slin.wuwr.pl\/\" target=\"_blank\" rel=\"noopener\"><span style=\"color: #ff9900;\"><span style=\"color: #ff6600;\">Studia Linguistica<\/span><\/span><\/a><br \/>\n<\/strong><\/span><\/span><a href=\"https:\/\/pliki.wn.uw.edu.pl\/index.php\/s\/KTEJmQl2CGHwqnp\" target=\"_blank\" rel=\"noopener\"><strong><span style=\"color: #ff6600;\">Studia Niemcoznawcze<\/span><\/strong><\/a><br \/>\n<span style=\"color: #ff6600;\"><span style=\"color: #993300;\"><strong><span style=\"color: #ff6600;\"><a style=\"color: #ff6600;\" href=\"http:\/\/bibl.wuwr.pl\/\" target=\"_blank\" rel=\"noopener\">Studia o Ksi\u0105\u017cce i Informacji<\/a><br \/>\n<a href=\"https:\/\/pressto.amu.edu.pl\/index.php\/srp\/index\" target=\"_blank\" rel=\"noopener\"><span style=\"color: #ff6600;\">Studia Romanica Posnaniensia<\/span><\/a><br \/>\n<a href=\"https:\/\/czasopisma.filologia.uwb.edu.pl\/index.php\/sw\/issue\/archive\" target=\"_blank\" rel=\"noopener\"><span style=\"color: #ff6600;\">Studia Wschodnios\u0142owia\u0144skie<\/span><\/a><br \/>\n<a href=\"https:\/\/czasopisma.uni.opole.pl\/index.php\/s\/index\" target=\"_blank\" rel=\"noopener\"><span style=\"color: #ff6600;\">Stylistyka<\/span><\/a><br \/>\n<\/span><\/strong><\/span><\/span><strong><a href=\"https:\/\/apcz.umk.pl\/sztukaedycji\/index\" target=\"_blank\" rel=\"noopener\"><span style=\"color: #ff6600;\">Sztuka Edycji. Studia Tekstologiczne i Edytorskie<\/span><\/a><\/strong><\/p>\n<p><span style=\"color: #ff6600;\"><span style=\"color: #993300;\"><strong> \u00a0\u00a0 <span style=\"color: #800000;\">T<\/span><br \/>\n<a href=\"http:\/\/www.teatr-pismo.pl\/\" target=\"_blank\" rel=\"noopener\"><span style=\"color: #ff6600;\">Teatr<\/span><\/a><br \/>\n<\/strong><\/span><\/span><a href=\"http:\/\/tekst-dyskurs.eu\/index.php\/pl\/\" target=\"_blank\" rel=\"noopener\"><strong><span style=\"color: #ff6600;\">Tekst i Dyskurs<\/span><\/strong><\/a><\/p>\n<p><span style=\"color: #ff6600;\"><span style=\"color: #993300;\"><strong><br \/>\n<\/strong><strong>\u00a0\u00a0 <span style=\"color: #800000;\">V W<\/span><br \/>\n<a href=\"http:\/\/vja.ruslang.ru\/\" target=\"_blank\" rel=\"noopener\"><span style=\"color: #ff6600;\">Voprosy Jazykoznanija<\/span><\/a><br \/>\n<\/strong><strong>\u00a0\u00a0 <span style=\"color: #800000;\">Z<\/span><br \/>\n<a href=\"http:\/\/czasopisma.ltn.lodz.pl\/index.php\/Zagadnienia-Rodzajow-Literackich\/issue\/archive\" target=\"_blank\" rel=\"noopener\"><span style=\"color: #ff6600;\">Zagadnienia Rodzaj\u00f3w Literackich<\/span><\/a><br \/>\n<\/strong><\/span><\/span><\/p>\n","protected":false},"excerpt":{"rendered":"<p>\u00a0\u00a0 A Acta Polono-Ruthenica Anglica Wratislaviensia Autobiografia \u00a0\u00a0 B Beyond Philology Bia\u0142ostockie Archiwum J\u0119zykowe Bia\u0142ostockie Studia Literaturoznawcze \u00a0\u00a0 C Colloquia&hellip;<\/p>\n","protected":false},"author":2,"featured_media":0,"parent":0,"menu_order":0,"comment_status":"closed","ping_status":"closed","template":"","meta":[],"_links":{"self":[{"href":"https:\/\/scbm.usz.edu.pl\/index.php\/wp-json\/wp\/v2\/pages\/445"}],"collection":[{"href":"https:\/\/scbm.usz.edu.pl\/index.php\/wp-json\/wp\/v2\/pages"}],"about":[{"href":"https:\/\/scbm.usz.edu.pl\/index.php\/wp-json\/wp\/v2\/types\/page"}],"author":[{"embeddable":true,"href":"https:\/\/scbm.usz.edu.pl\/index.php\/wp-json\/wp\/v2\/users\/2"}],"replies":[{"embeddable":true,"href":"https:\/\/scbm.usz.edu.pl\/index.php\/wp-json\/wp\/v2\/comments?post=445"}],"version-history":[{"count":65,"href":"https:\/\/scbm.usz.edu.pl\/index.php\/wp-json\/wp\/v2\/pages\/445\/revisions"}],"predecessor-version":[{"id":2692,"href":"https:\/\/scbm.usz.edu.pl\/index.php\/wp-json\/wp\/v2\/pages\/445\/revisions\/2692"}],"wp:attachment":[{"href":"https:\/\/scbm.usz.edu.pl\/index.php\/wp-json\/wp\/v2\/media?parent=445"}],"curies":[{"name":"wp","href":"https:\/\/api.w.org\/{rel}","templated":true}]}}