{"id":304,"date":"2018-07-05T10:17:30","date_gmt":"2018-07-05T08:17:30","guid":{"rendered":"https:\/\/scbm.usz.edu.pl\/?page_id=304"},"modified":"2026-01-21T12:18:07","modified_gmt":"2026-01-21T11:18:07","slug":"e-czasopisma","status":"publish","type":"page","link":"https:\/\/scbm.usz.edu.pl\/index.php\/e-czasopisma\/","title":{"rendered":"E-CZASOPISMA"},"content":{"rendered":"<p><span style=\"font-size: 10pt;\"><em>Wybierz kategori\u0119:<\/em><\/span><\/p>\n<p><a href=\"https:\/\/scbm.usz.edu.pl\/index.php\/e-czasopisma_kultura-fizyczna\/\"><span style=\"color: #00ccff;\"><strong><span style=\"color: #4a7985;\"><span style=\"font-size: 14pt;\">KULTURA FIZYCZNA, ZDROWIE<\/span><\/span><\/strong><\/span><strong><span style=\"font-size: 14pt;\"><span style=\"color: #00ccff;\"><span style=\"color: #4a79ff;\"><span style=\"color: #4a7985;\"> i TURYSTYKA<\/span><\/span><\/span><\/span><\/strong><\/a><\/p>\n<p><span style=\"color: #1a4530; font-size: 14pt;\"><strong>FILOLOGIE<\/strong>:<\/span><\/p>\n<ul style=\"list-style-type: circle;\">\n<li><strong><a href=\"https:\/\/scbm.usz.edu.pl\/index.php\/e-czasopisma-wszystkie\/\"><em><span style=\"color: #993300;\">wszystkie<\/span><\/em><\/a><\/strong><\/li>\n<li><a href=\"https:\/\/scbm.usz.edu.pl\/index.php\/e-czasopisma-filologia-angielska\/\" target=\"_blank\" rel=\"noopener\"><span style=\"color: #1a4530;\"><strong>filologia angielska<\/strong><\/span><\/a><\/li>\n<li><a href=\"https:\/\/scbm.usz.edu.pl\/index.php\/e-czasopisma-filologia-germanska\/\" target=\"_blank\" rel=\"noopener\"><span style=\"color: #1a4530;\"><strong>filologia germa\u0144ska<\/strong><\/span><\/a><\/li>\n<li><a href=\"https:\/\/scbm.usz.edu.pl\/index.php\/e-czasopisma-filologia-polska\/\" target=\"_blank\" rel=\"noopener\"><span style=\"color: #1a4530;\"><strong>filologia polska<\/strong><\/span><\/a><\/li>\n<li><a href=\"https:\/\/scbm.usz.edu.pl\/index.php\/e-czasopisma-filologia-romanska\/\" target=\"_blank\" rel=\"noopener\"><span style=\"color: #1a4530;\"><strong>filologia roma\u0144sk<\/strong><\/span><span style=\"color: #1a4500;\"><strong>a<\/strong><\/span><\/a><br \/>\n<a href=\"https:\/\/scbm.usz.edu.pl\/index.php\/e-czasopisma-filologia-wloska\/\"><span style=\"color: #0000ff;\"><span style=\"color: #000080;\"><strong>filologia w\u0142oska<\/strong><\/span><\/span><\/a><\/li>\n<li><a href=\"https:\/\/scbm.usz.edu.pl\/index.php\/e-czasopisma-filologia-slowianska\/\" target=\"_blank\" rel=\"noopener\"><span style=\"color: #1a4530;\"><strong>filologia s\u0142owia\u0144ska<\/strong><\/span><\/a><\/li>\n<\/ul>\n<p><strong><span style=\"color: #003300;\"><a style=\"color: #003300;\" href=\"https:\/\/scbm.usz.edu.pl\/index.php\/e-czasopisma-edytorstwo\/\" target=\"_blank\" rel=\"noopener\">EDYTORSTWO<\/a><\/span><br \/>\n<\/strong><span style=\"font-size: 12pt;\"><a href=\"https:\/\/scbm.usz.edu.pl\/index.php\/e-czasopisma-kulturoznawstwo\/\" target=\"_blank\" rel=\"noopener\"><span style=\"color: #1a4530;\"><strong>KULTUROZNAWSTWO<\/strong><\/span><\/a><\/span><br \/>\n<span style=\"color: #1a4530;\"><strong><a style=\"color: #1a4530;\" href=\"https:\/\/scbm.usz.edu.pl\/index.php\/e-czasopisma-dziennikarstwo\/\" target=\"_blank\" rel=\"noopener\"><span style=\"font-size: 14pt;\"><span style=\"font-size: 12pt;\">MEDIOZNAWSTWO<\/span><\/span><\/a><\/strong><\/span><\/p>\n<p>&nbsp;<\/p>\n","protected":false},"excerpt":{"rendered":"<p>Wybierz kategori\u0119: KULTURA FIZYCZNA, ZDROWIE i TURYSTYKA FILOLOGIE: wszystkie filologia angielska filologia germa\u0144ska filologia polska filologia roma\u0144ska filologia w\u0142oska filologia&hellip;<\/p>\n","protected":false},"author":2,"featured_media":0,"parent":0,"menu_order":0,"comment_status":"closed","ping_status":"closed","template":"","meta":[],"_links":{"self":[{"href":"https:\/\/scbm.usz.edu.pl\/index.php\/wp-json\/wp\/v2\/pages\/304"}],"collection":[{"href":"https:\/\/scbm.usz.edu.pl\/index.php\/wp-json\/wp\/v2\/pages"}],"about":[{"href":"https:\/\/scbm.usz.edu.pl\/index.php\/wp-json\/wp\/v2\/types\/page"}],"author":[{"embeddable":true,"href":"https:\/\/scbm.usz.edu.pl\/index.php\/wp-json\/wp\/v2\/users\/2"}],"replies":[{"embeddable":true,"href":"https:\/\/scbm.usz.edu.pl\/index.php\/wp-json\/wp\/v2\/comments?post=304"}],"version-history":[{"count":31,"href":"https:\/\/scbm.usz.edu.pl\/index.php\/wp-json\/wp\/v2\/pages\/304\/revisions"}],"predecessor-version":[{"id":2737,"href":"https:\/\/scbm.usz.edu.pl\/index.php\/wp-json\/wp\/v2\/pages\/304\/revisions\/2737"}],"wp:attachment":[{"href":"https:\/\/scbm.usz.edu.pl\/index.php\/wp-json\/wp\/v2\/media?parent=304"}],"curies":[{"name":"wp","href":"https:\/\/api.w.org\/{rel}","templated":true}]}}