{"id":2735,"date":"2026-01-21T12:15:43","date_gmt":"2026-01-21T11:15:43","guid":{"rendered":"https:\/\/scbm.usz.edu.pl\/?page_id=2735"},"modified":"2026-03-03T18:26:38","modified_gmt":"2026-03-03T17:26:38","slug":"e-czasopisma-filologia-wloska","status":"publish","type":"page","link":"https:\/\/scbm.usz.edu.pl\/index.php\/e-czasopisma-filologia-wloska\/","title":{"rendered":"e-Czasopisma \u2013 filologia w\u0142oska"},"content":{"rendered":"<p><span style=\"font-size: 24pt;\"><strong>A<\/strong><\/span><\/p>\n<p style=\"text-align: justify;\"><a href=\"https:\/\/riviste.unimi.it\/index.php\/AMonline\" target=\"_blank\" rel=\"noopener\"><strong>Altre Modernita-Rivista di Studi Letterari e Culturali <\/strong><\/a> &#8211; literaturoznawcze i kulturoznawcze recenzowane czasopismo open access wydawane przez Uniwersytet w Mediolanie.<\/p>\n<p style=\"text-align: justify;\"><a href=\"https:\/\/riviste.unimi.it\/index.php\/aoqu\" target=\"_blank\" rel=\"noopener\"><strong>AOQU. Achilles Orlando Kichot Ulysses <\/strong><\/a><strong>\u00a0&#8211; <\/strong>czasopismo naukowe, kt\u00f3rego celem jest stworzenie forum dyskusji nad modelem epickim w bardzo szerokim znaczeniu. Zawiera\u00a0 artyku\u0142y na temat roli eposu w r\u00f3\u017cnych systemach kulturowych, w j\u0119zyku w\u0142oskim, angielskim, francuskim i hiszpa\u0144skim.<\/p>\n<p style=\"text-align: justify;\"><strong><a href=\"https:\/\/riviste.unimi.it\/index.php\/asgm\/index\">Atti del Sodalizio Glottologico Milanese<\/a><\/strong> \u2013 czasopismo open access z zakresu j\u0119zykoznawstwa, zbieraj\u0105ce dorobek naukowy cz\u0142onk\u00f3w\u00a0 Mediola\u0144skiego Towarzystwa J\u0119zykoznawczego.<\/p>\n<p><span style=\"font-size: 24pt;\"><strong>C<\/strong><\/span><\/p>\n<p><a href=\"https:\/\/riviste.unimi.it\/index.php\/consonanze\" target=\"_blank\" rel=\"noopener\"><strong>Consonanze. Collana dell Dipartimento di Studi letterari, filologici e linguistici dell\u2019Universit\u00e0 degli Studi di Milano<\/strong><\/a> \u2013 seria naukowa open access gromadz\u0105ca monografie, zbiory i materia\u0142y konferencyjne z zakresu filologii, literaturoznawstwa, lingwistyki i historii. Prace poddane rygorystycznym recenzjom.<strong> \u00a0<\/strong><\/p>\n<p><span style=\"font-size: 24pt;\"><strong>D<\/strong><\/span><\/p>\n<p><a href=\"https:\/\/riviste.unimi.it\/index.php\/disegni\" target=\"_blank\" rel=\"noopener\"><strong>di\/segni<\/strong> <strong>La collana digitale del Dipartimento di Lingue e Letterature Straniere dell\u2019Universit\u00e0 degli Studi di Milano <\/strong><\/a><strong>\u00a0 <\/strong>\u2013 elektroniczne czasopismo naukowe wydawane przez Wydzia\u0142 J\u0119zyk\u00f3w i literatury obcej Uniwersytetu w Mediolanie, promuj\u0105ce najnowsze, specjalistyczne doniesienia badaczy wydzia\u0142u dotycz\u0105ce lingwistyki i literatury w r\u00f3\u017cnych j\u0119zykach. Artyku\u0142y poddawane s\u0105 rygorystycznej recenzji eksperckiej.<\/p>\n<p><a href=\"https:\/\/riviste.unimi.it\/index.php\/demusica\" target=\"_blank\" rel=\"noopener\"><strong>De Musica<\/strong><\/a> &#8211; interdyscyplinarne czasopismo, kt\u00f3re zajmuje si\u0119 zagadnieniami istotnymi dla refleksji muzycznej, obejmuj\u0105cymi filozofi\u0119, muzykologi\u0119, nauki kognitywne itp.<\/p>\n<p><span style=\"font-size: 24pt;\"><strong>E<\/strong><\/span><\/p>\n<p><a href=\"https:\/\/www.rivisteweb.it\/issn\/1825-5361\" target=\"_blank\" rel=\"noopener\"><strong>Ecdotica <\/strong><\/a>&#8211; mi\u0119dzynarodowe czasopismo open access z zakresu tekstologii i edytorstwa naukowego<\/p>\n<p><strong><a href=\"https:\/\/edizionicafoscari.unive.it\/it\/edizioni\/riviste\/elle\/\" target=\"_blank\" rel=\"noopener\">EL.LE \u2013 Educazione Linguistica <\/a><\/strong>&#8211; kwartalnik wydawany przez Centrum Bada\u0144 nad Nauczaniem J\u0119zyk\u00f3w Obcych Wydzia\u0142u J\u0119zykoznawstwa Por\u00f3wnawczego i Studi\u00f3w Kulturowych Uniwersytetu Ca&#8217; Foscari w Wenecji. (Jest klasyfikowany w kategorii A czasopism naukowych). Czasopismo obejmuje \u00a0tre\u015bci zwi\u0105zane z edukacj\u0105 j\u0119zykow\u0105, w tym \u00a0nauczanie j\u0119zyka ojczystego\/narodowego, j\u0119zyk\u00f3w obcych, j\u0119zyk\u00f3w klasycznych i etnicznych, a tak\u017ce z rol\u0105 j\u0119zyk\u00f3w w nauczaniu wszystkich przedmiot\u00f3w i komunikacj\u0105 mi\u0119dzykulturow\u0105.<\/p>\n<p style=\"text-align: justify;\"><a href=\"https:\/\/riviste.unimi.it\/index.php\/enthymema\"><strong>Enthymema. <\/strong><\/a><a href=\"https:\/\/riviste.unimi.it\/index.php\/enthymema\" target=\"_blank\" rel=\"noopener\"><strong>Rivista internazionale di critica, teoria e filosofia della letteratura<\/strong><\/a> \u2013 mi\u0119dzynarodowe czasopismo dotycz\u0105ce teorii literatury, krytyki literackiej i filozofii. Publikuje eseje teoretyczne, krytyczne i metodologiczne, a tak\u017ce wywiady i recenzje. Publikacja prowadzona jest w formule otwartego dost\u0119pu.<\/p>\n<p><span style=\"font-size: 24pt;\"><strong>F<\/strong><\/span><\/p>\n<p style=\"text-align: justify;\"><a href=\"https:\/\/riviste.unimi.it\/index.php\/fenestella\"><strong>Fenestella. Inside Medieval Art<\/strong><\/a> &#8211; to czasopismo naukowe o otwartym dost\u0119pie, skierowane do badaczy \u015bredniowiecznej sztuki i architektury w uj\u0119ciu interdyscyplinarnym, wydawane przez Wydzia\u0142 Dziedzictwa Kulturowego i \u015arodowiskowego Uniwersytetu w Mediolanie.<\/p>\n<p><span style=\"font-size: 24pt;\"><strong>G<\/strong><\/span><\/p>\n<p style=\"text-align: justify;\"><strong><a href=\"https:\/\/serena.sharepress.it\/index.php\/gisli\" target=\"_blank\" rel=\"noopener\">Giornale di Storia della Lingua Italiana<\/a> <\/strong>&#8211; czasopismo open access o tematyce zwi\u0105zanej z badaniami nad diachroni\u0105 j\u0119zyka w\u0142oskiego i rozwojem jego odmian historycznych.<\/p>\n<p style=\"text-align: justify;\"><a href=\"https:\/\/riviste.unimi.it\/index.php\/groundbreaking\" target=\"_blank\" rel=\"noopener\"><strong>Groundbreaking. <\/strong><\/a><a href=\"https:\/\/riviste.unimi.it\/index.php\/groundbreaking\" target=\"_blank\" rel=\"noopener\"><strong>Rivista di culture della moda degli studenti dell\u2019Universit\u00e0 degli Studi di Milano<\/strong><\/a>\u00a0 &#8211; czasopismo po\u015bwi\u0119cone kulturze mody, wydawany przez student\u00f3w Uniwersytetu w Mediolanie.<\/p>\n<p><span style=\"font-size: 24pt;\"><strong>I<\/strong><\/span><\/p>\n<p style=\"text-align: justify;\"><a href=\"https:\/\/www.intralinea.org\/\" target=\"_blank\" rel=\"noopener\"><strong>inTRAlinea <\/strong><\/a><span style=\"font-size: 12pt;\">&#8211; <span class=\"Y2IQFc\" lang=\"pl\">\u00a0<\/span><\/span><span style=\"font-size: 12pt;\"><span class=\"Y2IQFc\" lang=\"pl\">wysoko punktowane i indeksowane w najwa\u017cniejszych \u015bwiatowych bazach,\u00a0 <\/span><\/span><span style=\"font-size: 12pt;\"><span class=\"Y2IQFc\" lang=\"pl\">internetowe czasopismo Wydzia\u0142u T\u0142umacze\u0144 Ustnych i Pisemnych (DIT) Uniwersytetu Bolo\u0144skiego we W\u0142oszech. Czasopismo publikuje wysokiej jako\u015bci badania naukowe zwi\u0105zane z translatoryk\u0105, a tak\u017ce recenzje, debaty i t\u0142umaczenia tekst\u00f3w. Wszystkie tre\u015bci s\u0105 dost\u0119pne w otwartym dost\u0119pie i mog\u0105 by\u0107 swobodnie cytowane, pobierane i rozpowszechniane zgodnie z licencj\u0105 Creative Commons.<\/span><\/span><\/p>\n<p style=\"text-align: justify;\"><a href=\"https:\/\/riviste.unimi.it\/index.php\/promoitals\" target=\"_blank\" rel=\"noopener\"><strong>Italiano LinguaDue<\/strong><\/a> Najwa\u017cniejsze w\u0142oskie czasopismo open access o nauczaniu w\u0142oskiego jako j\u0119zyka obcego,<span class=\"HwtZe\" lang=\"pl\"><span class=\"jCAhz ChMk0b\"><span class=\"ryNqvb\">\u00a0<\/span><\/span><\/span><span class=\"HwtZe\" lang=\"pl\"><span class=\"jCAhz ChMk0b\"><span class=\"ryNqvb\">skierowane do naukowc\u00f3w, nauczycieli i lektor\u00f3w zajmuj\u0105cych si\u0119 nauczaniem j\u0119zyka w\u0142oskiego jako drugiego lub obcego. Szeroki zakres obejmuje<\/span><\/span><\/span><span class=\"HwtZe\" lang=\"pl\"><span class=\"jCAhz ChMk0b\"><span class=\"ryNqvb\"> kompleksow\u0105 edukacj\u0105 j\u0119zykow\u0105 w kontekstach wieloj\u0119zycznych i wielokulturowych, histori\u0119 j\u0119zyka i kultur\u0119 w\u0142osk\u0105, literaturoznawstwo, j\u0119zyki obce i mediacj\u0119 kulturow\u0105.<\/span><\/span><\/span><\/p>\n<p style=\"text-align: justify;\"><a href=\"https:\/\/www.italian-journal-linguistics.com\/\" target=\"_blank\" rel=\"noopener\"><strong>Italian Journal of Linguistics <\/strong><strong>(IJL) <\/strong><\/a>\u00a0\u2013 presti\u017cowe mi\u0119dzynarodowe, recenzowane czasopismo o otwartym dost\u0119pie, zajmuj\u0105ce si\u0119 wszystkimi istotnymi aspektami lingwistyki, szeroko rozumianej, prezentuj\u0105ce prace z r\u00f3\u017cnych szk\u00f3\u0142 i stosuj\u0105ce r\u00f3\u017cnorodne metody.<\/p>\n<p style=\"text-align: justify;\"><strong><a href=\"https:\/\/www.tandfonline.com\/journals\/yits20\">Italian Studies<\/a><\/strong><span style=\"font-size: 12pt;\"><span class=\"HwtZe\" lang=\"pl\"><span class=\"jCAhz ChMk0b\"><span class=\"ryNqvb\">* &#8211; <\/span><\/span><\/span><span class=\"HwtZe\" lang=\"pl\"><span class=\"jCAhz ChMk0b\"><span class=\"ryNqvb\">interdyscyplinarne <em>hybrydowe* (cz\u0119\u015b\u0107 artyku\u0142\u00f3w w wolnym dost\u0119pie)<\/em>\u00a0 <\/span><\/span><\/span><span class=\"HwtZe\" lang=\"pl\"><span class=\"jCAhz ChMk0b\"><span class=\"ryNqvb\">czasopismo naukowe o wysokiej mi\u0119dzynarodowej renomie, obejmuj\u0105ce zagadnienia zwi\u0105zane z\u00a0 w\u0142osk\u0105 kultur\u0105 literack\u0105 i j\u0119zykoznawstwem, histori\u0105 i polityk\u0105 W\u0142och, histori\u0105 w\u0142oskiego filmu i sztuki, a tak\u017ce gender i kulturoznawstwem.<\/span><\/span><\/span><\/span><\/p>\n<p><a href=\"https:\/\/riviste.unimi.it\/index.php\/itinera\" target=\"_blank\" rel=\"noopener\"><strong>Itinera <\/strong><\/a> &#8211; mi\u0119dzynarodowe czasopismo open access z zakresu filozofii i teorii sztuki<\/p>\n<p><a href=\"https:\/\/riviste.unimi.it\/index.php\/inopera\" target=\"_blank\" rel=\"noopener\"><strong>inOpera<\/strong><\/a> &#8211; analiza tekstu wsp\u00f3\u0142czesnej prozy i poezji w\u0142oskiej<\/p>\n<p><span style=\"font-size: 24pt;\"><strong>J<\/strong><\/span><\/p>\n<p><a href=\"https:\/\/jlis.it\/index.php\/jlis\" target=\"_blank\" rel=\"noopener\"><strong>JLIS.it (Italian Journal of Library, Archives and Information Science)<\/strong><\/a> \u00a0\u2014\u00a0naukowe czasopismo open access, zajmuj\u0105ce si\u0119 bibliotekoznawstwem, archiwistyk\u0105 i informacj\u0105 naukow\u0105.<\/p>\n<p><span style=\"font-size: 24pt;\"><strong>L<\/strong><\/span><\/p>\n<p><a href=\"https:\/\/www.ledonline.it\/index.php\/lcm-journal\" target=\"_blank\" rel=\"noopener\"><strong>Lingue Culture Mediazioni (LCM Journal)<\/strong><\/a> \u2013 recenzowane, otwarte czasopismo wydawane przez Wydzia\u0142 J\u0119zyk\u00f3w, Literatury, Kultury i Mediacji Uniwersytetu w Mediolanie, publikuj\u0105ce artyku\u0142y z zakresu j\u0119zykoznawstwa, kulturoznawstwa i translatoryki.<\/p>\n<p><span style=\"font-size: 24pt;\"><strong>R<\/strong><\/span><\/p>\n<p style=\"text-align: justify;\"><a href=\"https:\/\/serena.sharepress.it\/index.php\/rm\/index\" target=\"_blank\" rel=\"noopener\"><strong>Reti Medievali Rivista<\/strong><\/a>\u00a0 \u2014\u00a0recenzowane otwarte czasopismo online, zajmuj\u0105ce si\u0119 badaniami nad \u015bredniowieczem we W\u0142oszech i w Europie;\u00a0 przydatne szczeg\u00f3lnie dla badaczy \u015bredniowiecznej literatury, historii i filologii.<\/p>\n<p style=\"text-align: justify;\"><strong><a href=\"https:\/\/phaidra.cab.unipd.it\/detail\/o:458683\" target=\"_blank\" rel=\"noopener\">Rivista di Grammatica Generativa<\/a><\/strong>&#8211; seria obejmuj\u0105ca publikacje z zakresu gramatyki generatywnej i struktury j\u0119zyka.<\/p>\n<p style=\"text-align: justify;\"><a href=\"https:\/\/riviste.unimi.it\/index.php\/risorgimento\" target=\"_blank\" rel=\"noopener\"><strong>il Risorgimento. Rivista di storia moderna e contemporanea <\/strong><\/a>&#8211; badania nad histori\u0105 W\u0142och i Europy od po\u0142owy XVIII do pocz\u0105tku XX wieku. \u00a0(porusza aspekty \u017cycia duchowego, politycznego, kulturalnego, gospodarczego i spo\u0142ecznego).<\/p>\n<p><span style=\"font-size: 24pt;\"><strong>S<\/strong><\/span><\/p>\n<p style=\"text-align: justify;\"><a href=\"https:\/\/edizionicafoscari.unive.it\/en\/edizioni4\/collane\/sail\/\" target=\"_blank\" rel=\"noopener\"><strong>SAIL \u2013 <\/strong><em data-start=\"51\" data-end=\"106\"><strong>Studi sull\u2019apprendimento e l\u2019insegnamento linguistico<\/strong><\/em><\/a> &#8211; recenzowana seria open access po\u015bwi\u0119cona badaniom nad edukacj\u0105 j\u0119zykow\u0105, obejmuj\u0105cym dydaktyk\u0119 j\u0119zyka w\u0142oskiego oraz j\u0119zyk\u00f3w nowo\u017cytnych i klasycznych. Publikuje badania teoretyczne i empiryczne autor\u00f3w z Uniwersytetu Ca\u2019 Foscari i innych o\u015brodk\u00f3w akademickich.<\/p>\n","protected":false},"excerpt":{"rendered":"<p>A Altre Modernita-Rivista di Studi Letterari e Culturali &#8211; literaturoznawcze i kulturoznawcze recenzowane czasopismo open access wydawane przez Uniwersytet w&hellip;<\/p>\n","protected":false},"author":3,"featured_media":0,"parent":0,"menu_order":0,"comment_status":"closed","ping_status":"closed","template":"","meta":[],"_links":{"self":[{"href":"https:\/\/scbm.usz.edu.pl\/index.php\/wp-json\/wp\/v2\/pages\/2735"}],"collection":[{"href":"https:\/\/scbm.usz.edu.pl\/index.php\/wp-json\/wp\/v2\/pages"}],"about":[{"href":"https:\/\/scbm.usz.edu.pl\/index.php\/wp-json\/wp\/v2\/types\/page"}],"author":[{"embeddable":true,"href":"https:\/\/scbm.usz.edu.pl\/index.php\/wp-json\/wp\/v2\/users\/3"}],"replies":[{"embeddable":true,"href":"https:\/\/scbm.usz.edu.pl\/index.php\/wp-json\/wp\/v2\/comments?post=2735"}],"version-history":[{"count":8,"href":"https:\/\/scbm.usz.edu.pl\/index.php\/wp-json\/wp\/v2\/pages\/2735\/revisions"}],"predecessor-version":[{"id":2796,"href":"https:\/\/scbm.usz.edu.pl\/index.php\/wp-json\/wp\/v2\/pages\/2735\/revisions\/2796"}],"wp:attachment":[{"href":"https:\/\/scbm.usz.edu.pl\/index.php\/wp-json\/wp\/v2\/media?parent=2735"}],"curies":[{"name":"wp","href":"https:\/\/api.w.org\/{rel}","templated":true}]}}