{"id":1982,"date":"2022-12-28T12:50:40","date_gmt":"2022-12-28T11:50:40","guid":{"rendered":"https:\/\/scbm.usz.edu.pl\/?page_id=1982"},"modified":"2026-03-02T12:01:42","modified_gmt":"2026-03-02T11:01:42","slug":"czytenia-on-line-zrodla-wielodziedzinowe","status":"publish","type":"page","link":"https:\/\/scbm.usz.edu.pl\/index.php\/czytenia-on-line-zrodla-wielodziedzinowe\/","title":{"rendered":"CZYTENIA on-line \u0179R\u00d3D\u0141A WIELODZIEDZINOWE"},"content":{"rendered":"<p><strong>\u0179R\u00d3D\u0141A WIELODZIEDZINOWE<\/strong><\/p>\n<hr \/>\n<ul>\n<li><a href=\"https:\/\/scbm.usz.edu.pl\/index.php\/biblioteki-cyfrowe\/\"><strong>BIBLIOTEKI CYFROWE w\u00a0Polsce i\u00a0na\u00a0\u015bwiecie<\/strong><\/a><\/li>\n<\/ul>\n<hr \/>\n<ul>\n<li><strong><a href=\"https:\/\/bibliotekanauki.pl\/\" target=\"_blank\" rel=\"noopener\">Biblioteka Nauki<\/a><\/strong> <span style=\"font-size: 10pt;\">\u2013 serwis prowadzony w\u00a0<a href=\"https:\/\/icm.edu.pl\/\" target=\"_blank\" rel=\"noreferrer noopener\">Interdyscyplinarnym Centrum Modelowania Matematycznego i\u00a0Komputerowego Uniwersytetu Warszawskiego<\/a> w\u00a0ramach <a href=\"http:\/\/pon.edu.pl\/\" target=\"_blank\" rel=\"noopener\">Platformy Otwartej Nauki<\/a>, kt\u00f3ry\u00a0udost\u0119pnia w\u00a0spos\u00f3b otwarty pe\u0142ne teksty artyku\u0142\u00f3w publikowanych w\u00a0polskich czasopismach naukowych, pochodz\u0105ce z\u00a0pi\u0119ciu baz dziedzinowych: AGRO, BazTech, CEJSH, DML-PL, PSJD i\u00a0pe\u0142ne teksty wybranych ksi\u0105\u017cek naukowych (wraz z\u00a0ich metadanymi) gromadzonych wcze\u015bniej w\u00a0serwisie Otw\u00f3rz Ksi\u0105\u017ck\u0119, oraz\u00a0inne ksi\u0105\u017cki udost\u0119pnione przez\u00a0wsp\u00f3\u0142pracuj\u0105cych z\u00a0Bibliotek\u0105 Nauki wydawc\u00f3w<\/span><strong><span style=\"font-size: 10pt;\">.<\/span><br \/>\n<\/strong><\/li>\n<\/ul>\n<hr \/>\n<ul>\n<li><a href=\"https:\/\/wbn.icm.edu.pl\/e-czasopisma\/\" target=\"_blank\" rel=\"noopener\"><strong>CZASOPISMA<\/strong><\/a><small>\u00a0 (wyszukiwarka Biblioteki Wirtualnej Nauki) Narz\u0119dzie do\u00a0wyszukiwania czasopism wydawc\u00f3w Elsevier (1819 tytu\u0142\u00f3w), Springer (2243 tytu\u0142y) i\u00a0Wiley (1410 tytu\u0142\u00f3w) dost\u0119pnych w\u00a0licencjach krajowych w\u00a0roku 2019.<\/small><\/li>\n<\/ul>\n<hr \/>\n<ul>\n<li><strong><a href=\"https:\/\/wbn.icm.edu.pl\/e-ksiazki\/\" target=\"_blank\" rel=\"noopener\">E-KSI\u0104\u017bKI<\/a><\/strong> (wyszukiwarka Biblioteki Wirtualnej Nauki) <small>Wyszukiwarka b\u0119dzie docelowo obejmowa\u0107 wszystkie ksi\u0105\u017cki dost\u0119pne w\u00a0ramach licencji krajowych Elsevier, Springer i\u00a0Wiley. Obecnie mo\u017cna przegl\u0105da\u0107 77497 e-ksi\u0105\u017cek angloj\u0119zycznych wydanych przez\u00a0Springera w\u00a0latach 2004-2018, 2515 e-ksi\u0105\u017cek wydanych przez\u00a0Elseviera w\u00a0latach 2011-2015 oraz\u00a02449 e-ksi\u0105\u017cek wydanych przez\u00a0Wileya w\u00a0roku 2009 i\u00a02015 . Wyszukiwarka pozwala wybra\u0107 jedn\u0105 z\u00a031 dziedzin tematycznych i\u00a0209 poddziedzin. Wyb\u00f3r dziedziny jest konieczny.<\/small><\/li>\n<\/ul>\n<hr \/>\n<ul>\n<li style=\"text-align: justify;\"><a href=\"https:\/\/www.frontiersin.org\/\" target=\"_blank\" rel=\"noopener\"><strong data-start=\"1017\" data-end=\"1030\">Frontiers<\/strong><\/a>\u00a0 <span style=\"font-size: 10pt;\">mi\u0119dzynarodowa platforma naukowa i\u00a0wydawca recenzowanych artyku\u0142\u00f3w naukowych w\u00a0modelu <strong data-start=\"1120\" data-end=\"1135\">open access<\/strong>. Strona umo\u017cliwia dost\u0119p do\u00a0tysi\u0105ca czasopism obejmuj\u0105cych r\u00f3\u017cnorodne dziedziny badawcze, a\u00a0wszystkie publikacje s\u0105 bezp\u0142atnie udost\u0119pniane czytelnikom na\u00a0ca\u0142ym \u015bwiecie. Frontiers stosuje rygorystyczny proces recenzji naukowej i\u00a0nowoczesne narz\u0119dzia wspieraj\u0105ce publikowanie, a\u00a0jej misj\u0105 jest przyspieszenie post\u0119pu nauki poprzez otwarty dost\u0119p do\u00a0wynik\u00f3w bada\u0144.<\/span><\/li>\n<\/ul>\n<hr \/>\n<ul>\n<li><a href=\"http:\/\/otworzksiazke.pl\/\" target=\"_blank\" rel=\"noopener\"><strong>Otw\u00f3rz Ksi\u0105\u017ck\u0119<\/strong><\/a> <span style=\"font-size: 10pt;\">\u2013<\/span> <span style=\"font-size: 10pt;\">cyfrowa kolekcja ksi\u0105\u017cek naukowych polskich uczonych reprezentuj\u0105cych r\u00f3\u017cne dziedziny wiedzy.<\/span><\/li>\n<\/ul>\n<hr \/>\n<ul>\n<li><strong><a class=\"navbar-brand\" href=\"https:\/\/repo.usz.edu.pl\/\" target=\"_blank\" rel=\"noopener\">Repozytorium Publikacji i\u00a0Biblioteka Cyfrowa<\/a><\/strong> <a href=\"https:\/\/repo.usz.edu.pl\/\" target=\"_blank\" rel=\"noopener\"><strong>Biblioteki G\u0142\u00f3wnej Uniwersytetu Szczeci\u0144skiego<\/strong><\/a><\/li>\n<\/ul>\n<p><span style=\"font-size: 8pt;\"><em>Ostatnia aktualizacja: 2.03.2026<\/em><\/span><\/p>\n","protected":false},"excerpt":{"rendered":"<p>\u0179R\u00d3D\u0141A WIELODZIEDZINOWE BIBLIOTEKI CYFROWE w\u00a0Polsce i\u00a0na\u00a0\u015bwiecie Biblioteka Nauki \u2013 serwis prowadzony w\u00a0Interdyscyplinarnym Centrum Modelowania Matematycznego i\u00a0Komputerowego Uniwersytetu Warszawskiego w\u00a0ramach Platformy&hellip;<\/p>\n","protected":false},"author":3,"featured_media":0,"parent":0,"menu_order":0,"comment_status":"closed","ping_status":"closed","template":"","meta":[],"_links":{"self":[{"href":"https:\/\/scbm.usz.edu.pl\/index.php\/wp-json\/wp\/v2\/pages\/1982"}],"collection":[{"href":"https:\/\/scbm.usz.edu.pl\/index.php\/wp-json\/wp\/v2\/pages"}],"about":[{"href":"https:\/\/scbm.usz.edu.pl\/index.php\/wp-json\/wp\/v2\/types\/page"}],"author":[{"embeddable":true,"href":"https:\/\/scbm.usz.edu.pl\/index.php\/wp-json\/wp\/v2\/users\/3"}],"replies":[{"embeddable":true,"href":"https:\/\/scbm.usz.edu.pl\/index.php\/wp-json\/wp\/v2\/comments?post=1982"}],"version-history":[{"count":9,"href":"https:\/\/scbm.usz.edu.pl\/index.php\/wp-json\/wp\/v2\/pages\/1982\/revisions"}],"predecessor-version":[{"id":2795,"href":"https:\/\/scbm.usz.edu.pl\/index.php\/wp-json\/wp\/v2\/pages\/1982\/revisions\/2795"}],"wp:attachment":[{"href":"https:\/\/scbm.usz.edu.pl\/index.php\/wp-json\/wp\/v2\/media?parent=1982"}],"curies":[{"name":"wp","href":"https:\/\/api.w.org\/{rel}","templated":true}]}}