{"id":1813,"date":"2022-05-17T10:58:13","date_gmt":"2022-05-17T08:58:13","guid":{"rendered":"https:\/\/scbm.usz.edu.pl\/?page_id=1813"},"modified":"2025-12-17T11:03:39","modified_gmt":"2025-12-17T10:03:39","slug":"polskie-biblioteki-cyfrowe","status":"publish","type":"page","link":"https:\/\/scbm.usz.edu.pl\/index.php\/polskie-biblioteki-cyfrowe\/","title":{"rendered":"POLSKIE BIBLIOTEKI CYFROWE"},"content":{"rendered":"<ul>\n<li>Agregator CEON\u00a0: 19 polskich repozytori\u00f3w instytucjonalnych <a href=\"http:\/\/agregator.ceon.pl\/\">(strona www)<\/a><\/li>\n<li>Pami\u0119\u0107 Polski &#8211; Pami\u0119\u0107 \u015awiata<a href=\"http:\/\/pamiecpolski.archiwa.gov.pl\/pamiec-polski\"> (strona www)<\/a><\/li>\n<li>Narodowe Archiwum Cyfrowe<a href=\"http:\/\/www.nac.gov.pl\/\"> (strona www)<\/a><\/li>\n<li>Federacja Bibliotek Cyfrowych\u00a0: 84 polskie biblioteki cyfrowe <a href=\"https:\/\/fbc.pionier.net.pl\/\">(strona www)<\/a><\/li>\n<li>Federacja Bibliotek Cyfrowych: Czasopisma<a href=\"http:\/\/czasopisma.fbc.net.pl\/?s=newspaper_title%2520asc\"> (strona www)<\/a><\/li>\n<li>HINT : Historia, Nauka, Technika <a href=\"https:\/\/bg.uph.edu.pl\/cas.uph.edu.pl\/\">(strona www)<\/a><\/li>\n<\/ul>\n<p><strong>Wybrane polskie projekty instytucjonalne<\/strong><\/p>\n<ul>\n<li>Biblioteka Cyfrowa O\u015brodka Rozwoju Edukacji<a href=\"http:\/\/www.bc.ore.edu.pl\/dlibra\"> (strona www)<br \/>\n<\/a><\/li>\n<li>Biblioteka Cyfrowa Katedry Lingwistyki Formalnej UW<a href=\"http:\/\/bc.klf.uw.edu.pl\/\"> (strona www)<br \/>\n<\/a><\/li>\n<li>Biblioteka Cyfrowa Politechniki Krakowskiej<a href=\"http:\/\/www.biblos.pk.edu.pl\/bc\"> (strona www)<br \/>\n<\/a><\/li>\n<li>Biblioteka Cyfrowa Politechniki Lubelskiej<a href=\"https:\/\/rock.pollub.pl\/home\"> (strona www)<br \/>\n<\/a><\/li>\n<li>Biblioteka Cyfrowa Politechniki \u015al\u0105skiej<a href=\"http:\/\/delibra.bg.polsl.pl\/dlibra\"> (strona www)<br \/>\n<\/a><\/li>\n<li>Biblioteka Cyfrowa Politechniki Warszawskiej<a href=\"http:\/\/bcpw.bg.pw.edu.pl\/dlibra\"> (strona www)<br \/>\n<\/a><\/li>\n<li>Biblioteka Cyfrowa Uniwersytetu \u0141\u00f3dzkiego<a href=\"http:\/\/bcul.lib.uni.lodz.pl\/dlibra\"> (strona www)<br \/>\n<\/a><\/li>\n<li>Biblioteka Cyfrowa Uniwersytetu Marii Curie-Sk\u0142odowskiej<a href=\"http:\/\/dlibra.umcs.lublin.pl\/dlibra\"> (strona www)<br \/>\n<\/a><\/li>\n<li>Biblioteka Cyfrowa Uniwersytetu Wroc\u0142awskiego<a href=\"http:\/\/www.bibliotekacyfrowa.pl\/dlibra\"> (strona www)<br \/>\n<\/a><\/li>\n<li>Biblioteka Literatury Staropolskiej i Nowo\u0142aci\u0144skiej<a href=\"http:\/\/neolatina.bj.uj.edu.pl\/\"> (strona www)<br \/>\n<\/a><\/li>\n<li>Biblioteka Wirtualna Matematyki<a href=\"http:\/\/matwbn.icm.edu.pl\/\"> (strona www)<br \/>\n<\/a><\/li>\n<li>Centralne Repozytorium Informacji Publicznej<a href=\"https:\/\/danepubliczne.gov.pl\/\"> (strona www)<br \/>\n<\/a><\/li>\n<li>Cieszy\u0144ska Biblioteka Wirtualna<a href=\"http:\/\/www.kc-cieszyn.pl\/biblioteka\/\"> (strona www)<br \/>\n<\/a><\/li>\n<li>Cyfrowa Biblioteka Narodowa Polona<a href=\"http:\/\/polona.pl\/search\/\"> (strona www)<br \/>\n<\/a><\/li>\n<li>Cyfrowa Biblioteka Polskiego Instytutu Spraw Mi\u0119dzynarodowych<a href=\"http:\/\/digit.pism.pl\/dlibra\"> (strona www)<br \/>\n<\/a><\/li>\n<li>e-biblioteka Uniwersytetu Warszawskiego<a href=\"http:\/\/ebuw.uw.edu.pl\/dlibra\"> (strona www)<br \/>\n<\/a><\/li>\n<li>Internetowa Biblioteka Wzornictwa<a href=\"http:\/\/biblioteka.zsz.com.pl\/dlibra\"> (strona www)<br \/>\n<\/a><\/li>\n<li>Jagiello\u0144ska Biblioteka Cyfrowa<a href=\"http:\/\/jbc.bj.uj.edu.pl\/dlibra\"> (strona www)<br \/>\n<\/a><\/li>\n<li>Ksi\u0105\u017cki z dziedziny fizyki on-line<a href=\"http:\/\/www.ifmpan.poznan.pl\/Library\/ksiazki.htm\"> (strona www)<br \/>\n<\/a><\/li>\n<li>Ksi\u0119gozbi\u00f3r Wirtualny Federacji Bibliotek Ko\u015bcielnych FIDES<a href=\"http:\/\/digital.fides.org.pl\/dlibra\"> (strona www)<br \/>\n<\/a><\/li>\n<li>\u0141\u00f3dzka Regionalna Biblioteka Cyfrowa<a href=\"http:\/\/cybra.lodz.pl\/dlibra\"> (strona www)<br \/>\n<\/a><\/li>\n<li>Pedagogiczna Biblioteka Cyfrowa<a href=\"http:\/\/pbc.up.krakow.pl\/dlibra\"> (strona www)<br \/>\n<\/a><\/li>\n<li>Polska Biblioteka Wirtualna Nauk Przyrodniczych<a href=\"http:\/\/przyrbwn.icm.edu.pl\/\"> (strona www)<br \/>\n<\/a><\/li>\n<li>Repozytorium Cyfrowe Instytut\u00f3w Naukowych<a href=\"http:\/\/rcin.org.pl\/dlibra\"> (strona www)<br \/>\n<\/a><\/li>\n<li>Warmi\u0144sko-Mazurska Biblioteka Cyfrowa<a href=\"http:\/\/www.wmbc.olsztyn.pl\/dlibra\"> (strona www)<br \/>\n<\/a><\/li>\n<li>Wirtualna Biblioteka Literatury Polskiej<a href=\"https:\/\/literat.ug.edu.pl\/\"> (strona www)<br \/>\n<\/a><\/li>\n<li>Wirtualna Historia Ksi\u0105\u017cki<a href=\"http:\/\/whk.up.krakow.pl\/\"> (strona www)<br \/>\n<\/a><\/li>\n<li>Zasoby polskie ICM<a href=\"http:\/\/dir.icm.edu.pl\/pl\/\"> (strona www)<br \/>\n<\/a><\/li>\n<\/ul>\n","protected":false},"excerpt":{"rendered":"<p>Agregator CEON\u00a0: 19 polskich repozytori\u00f3w instytucjonalnych (strona www) Pami\u0119\u0107 Polski &#8211; Pami\u0119\u0107 \u015awiata (strona www) Narodowe Archiwum Cyfrowe (strona www)&hellip;<\/p>\n","protected":false},"author":3,"featured_media":0,"parent":0,"menu_order":0,"comment_status":"closed","ping_status":"closed","template":"","meta":[],"_links":{"self":[{"href":"https:\/\/scbm.usz.edu.pl\/index.php\/wp-json\/wp\/v2\/pages\/1813"}],"collection":[{"href":"https:\/\/scbm.usz.edu.pl\/index.php\/wp-json\/wp\/v2\/pages"}],"about":[{"href":"https:\/\/scbm.usz.edu.pl\/index.php\/wp-json\/wp\/v2\/types\/page"}],"author":[{"embeddable":true,"href":"https:\/\/scbm.usz.edu.pl\/index.php\/wp-json\/wp\/v2\/users\/3"}],"replies":[{"embeddable":true,"href":"https:\/\/scbm.usz.edu.pl\/index.php\/wp-json\/wp\/v2\/comments?post=1813"}],"version-history":[{"count":3,"href":"https:\/\/scbm.usz.edu.pl\/index.php\/wp-json\/wp\/v2\/pages\/1813\/revisions"}],"predecessor-version":[{"id":2687,"href":"https:\/\/scbm.usz.edu.pl\/index.php\/wp-json\/wp\/v2\/pages\/1813\/revisions\/2687"}],"wp:attachment":[{"href":"https:\/\/scbm.usz.edu.pl\/index.php\/wp-json\/wp\/v2\/media?parent=1813"}],"curies":[{"name":"wp","href":"https:\/\/api.w.org\/{rel}","templated":true}]}}