{"id":1721,"date":"2022-03-21T11:57:12","date_gmt":"2022-03-21T10:57:12","guid":{"rendered":"https:\/\/scbm.usz.edu.pl\/?page_id=1721"},"modified":"2025-11-27T10:12:44","modified_gmt":"2025-11-27T09:12:44","slug":"bazy-danych-filologia","status":"publish","type":"page","link":"https:\/\/scbm.usz.edu.pl\/index.php\/bazy-danych-filologia\/","title":{"rendered":"Bazy danych &#8211; filologia"},"content":{"rendered":"<table style=\"width: 100%; height: 3696px;\" border=\"0\">\n<tbody>\n<tr style=\"height: 31px;\">\n<td style=\"height: 31px; background-color: #092a45; text-align: left;\"><strong><span style=\"font-size: 18pt; color: #ffffff;\">A<\/span><br \/>\n<\/strong><\/td>\n<\/tr>\n<tr style=\"height: 247px;\">\n<td style=\"height: 247px;\">\n<p align=\"justify\"><strong><a href=\"https:\/\/web.p.ebscohost.com\/ehost\/search\/basic?vid=0&amp;sid=436a04d4-735f-4920-89c2-15650bb348bd%40redis\" target=\"_blank\" rel=\"noopener\">ACADEMIC SEARCH ULTIMATE <\/a><\/strong><span style=\"font-size: 10pt;\"><strong>(wyb\u00f3r bazy z listy: Bazy czasopism EBSCO)<\/strong> <\/span><strong>&#8211; <\/strong>obszerna baza czasopism elektronicznych, zawieraj\u0105ca r\u00f3wnie\u017c indeksy i abstrakty czasopism, monografii, raport\u00f3w, materia\u0142\u00f3w konferencyjnych. W 2019 roku baza w swojej najpe\u0142niejszej wersji Ultimate (ponad 10 tys. tytu\u0142\u00f3w pe\u0142notekstowych czasopism) zast\u0105pi\u0142a dotychczasow\u0105 baz\u0119 Complete.<br \/>\n<span style=\"font-size: 10pt;\"><strong><span style=\"color: #008080;\"><em>*wielodziedzinowa <\/em><\/span><span style=\"color: #ff0000;\"><em>*<\/em><em>pe\u0142notekstowa<\/em><\/span><\/strong><\/span><a href=\"http:\/\/web.b.ebscohost.com\/ehost\/search\/basic?vid=1&amp;sid=974a97d9-3b95-4a62-ae3e-362c389542b7%40sessionmgr101\"><img loading=\"lazy\" class=\"aligncenter wp-image-664\" src=\"https:\/\/scbm.usz.edu.pl\/wp-content\/uploads\/2019\/07\/ASC-ebsco-1-300x70.jpg\" alt=\"\" width=\"260\" height=\"61\" srcset=\"https:\/\/scbm.usz.edu.pl\/wp-content\/uploads\/2019\/07\/ASC-ebsco-1-300x70.jpg 300w, https:\/\/scbm.usz.edu.pl\/wp-content\/uploads\/2019\/07\/ASC-ebsco-1.jpg 649w\" sizes=\"(max-width: 260px) 100vw, 260px\" \/><\/a><\/p>\n<\/td>\n<\/tr>\n<tr style=\"height: 71px;\">\n<td style=\"height: 71px; background-color: #092a45;\">\n<p align=\"justify\"><span style=\"font-size: 18pt; color: #ffffff;\"><strong>B<\/strong><\/span><\/p>\n<\/td>\n<\/tr>\n<tr style=\"height: 158px;\">\n<td style=\"height: 158px;\">\n<p align=\"justify\"><strong><span id=\"page45R_mcid4\" class=\"markedContent\"><a href=\"http:\/\/filo.bg.szczecin.pl\/cgi-bin\/koha\/opac-main.pl\" target=\"_blank\" rel=\"noopener\"><span dir=\"ltr\" role=\"presentation\">BazFil <\/span><\/a><\/span><\/strong><span id=\"page45R_mcid6\" class=\"markedContent\"><a href=\"http:\/\/filo.bg.szczecin.pl\/cgi-bin\/koha\/opac-main.pl\" target=\"_blank\" rel=\"noopener\"><strong>(BM SZCZECIN)<\/strong><\/a> <span dir=\"ltr\" role=\"presentation\">\u2013 <\/span><\/span><span id=\"page45R_mcid7\" class=\"markedContent\"><span dir=\"ltr\" role=\"presentation\">tworzona<\/span><\/span><span id=\"page45R_mcid8\" class=\"markedContent\"> <span dir=\"ltr\" role=\"presentation\">w<\/span><\/span><span id=\"page45R_mcid9\" class=\"markedContent\"> <span dir=\"ltr\" role=\"presentation\">Bibliotece<\/span><\/span><span id=\"page45R_mcid10\" class=\"markedContent\"> <span dir=\"ltr\" role=\"presentation\">Mi\u0119dzywydzia\u0142owej<\/span><\/span><span id=\"page45R_mcid11\" class=\"markedContent\"> Uniwersytetu Szczeci\u0144skiego <span dir=\"ltr\" role=\"presentation\">bibliografia<\/span><\/span><span id=\"page45R_mcid12\" class=\"markedContent\"> <span dir=\"ltr\" role=\"presentation\">zawarto\u015bci <\/span><\/span><span id=\"page45R_mcid13\" class=\"markedContent\"><span dir=\"ltr\" role=\"presentation\">wybranych, prenumerowanych<\/span><\/span><span id=\"page45R_mcid14\" class=\"markedContent\"> <span dir=\"ltr\" role=\"presentation\">czasopism<\/span><\/span><span id=\"page45R_mcid31\" class=\"markedContent\">.<br \/>\n<\/span><span style=\"font-size: 10pt;\"><strong><em><span style=\"color: #008080;\"><span id=\"page45R_mcid34\" class=\"markedContent\"><span dir=\"ltr\" role=\"presentation\">*<\/span><\/span><span id=\"page45R_mcid35\" class=\"markedContent\"><span dir=\"ltr\" role=\"presentation\">filologia<\/span><\/span><span id=\"page45R_mcid36\" class=\"markedContent\"><span dir=\"ltr\" role=\"presentation\">*<\/span><\/span><span id=\"page45R_mcid37\" class=\"markedContent\"><span dir=\"ltr\" role=\"presentation\">kulturoznawstwo<\/span><\/span><span id=\"page45R_mcid42\" class=\"markedContent\">*dziennikarstwo<\/span><span id=\"page45R_mcid44\" class=\"markedContent\"><\/span><span id=\"page45R_mcid45\" class=\"markedContent\">*<\/span><\/span><span id=\"page45R_mcid56\" class=\"markedContent\"><span dir=\"ltr\" role=\"presentation\"><br \/>\n<\/span><\/span><span id=\"page45R_mcid56\" class=\"markedContent\"><\/span><span id=\"page45R_mcid60\" class=\"markedContent\"><\/span><span style=\"color: #ff0000;\">*bibliograficzna<\/span><\/em><\/strong><\/span><\/p>\n<\/td>\n<\/tr>\n<tr style=\"height: 86px;\">\n<td style=\"background-color: #092a45; height: 86px;\">\n<p align=\"justify\"><span style=\"color: #ffffff;\"><strong><span id=\"page45R_mcid4\" class=\"markedContent\">\u00a0<span style=\"font-size: 18pt;\">C<\/span><\/span><\/strong><\/span><\/p>\n<\/td>\n<\/tr>\n<tr style=\"height: 210px;\">\n<td style=\"background-color: #f2f2f2; height: 210px;\">\n<p style=\"text-align: justify;\"><strong><a href=\"https:\/\/www.cambridge.org\/core\/\" target=\"_blank\" rel=\"noopener\">Cambridge Core<\/a><\/strong><span style=\"font-size: 10.0pt;\">\u00a0<span style=\"font-size: 12pt;\"> kolekcja wydawnictwa Cambridge University Press (CUP), kt\u00f3re publikuje czasopisma akademickie z humanistyki i nauk spo\u0142ecznych oraz medycyny i nauk \u015bcis\u0142ych. Wiele z nich nale\u017cy do wiod\u0105cych publikacji w swej dziedzinie i jako ca\u0142o\u015b\u0107 stanowi obecnie jedn\u0105 z najbardziej warto\u015bciowych kolekcji akademickich. <\/span><\/span><span style=\"font-size: 12pt;\">Lista bie\u017c\u0105cych tytu\u0142\u00f3w w kolekcji Cambridge Core: <a href=\"https:\/\/www.cambridge.org\/core\/services\/librarians\/kbart\" target=\"_blank\" rel=\"noopener\">Cambridge Journals: 2023 Full Collection<\/a><\/span><\/p>\n<p style=\"text-align: justify;\"><span style=\"color: #ff0000; font-size: 10pt;\"><strong><em><span style=\"color: #008080;\">*wielodziedzinowa<\/span> *pe\u0142notekstowa*<\/em><\/strong><\/span><\/p>\n<\/td>\n<\/tr>\n<tr style=\"height: 268px;\">\n<td style=\"height: 251px; background-color: #d9dedd;\">\n<p style=\"text-align: justify;\"><a href=\"https:\/\/www.ceeol.com\/\" target=\"_blank\" rel=\"noopener\"><strong>CEEOL<\/strong><\/a> <a href=\"https:\/\/www.ceeol.com\/\" target=\"_blank\" rel=\"noopener\">(Central and Eastern European Online Library)<\/a> &#8211;\u00a0 baza ponad 2 500 czasopism z zakresu nauk humanistycznych i spo\u0142ecznych dotycz\u0105cych problematyki Europy \u015arodkowej, Wschodniej i Po\u0142udniowo-Wschodniej, wydawanych przede wszystkim w Europie. <strong>W zbiorze znajduje si\u0119 obecnie oko\u0142o 700 czasopism polskich<\/strong>. Zas\u00f3b czasopism jest stale wzbogacany.<br \/>\n<span style=\"color: #008080;\"><strong><span style=\"font-size: 10pt;\"><em>*<\/em><\/span><\/strong><\/span><span style=\"color: #008080;\"><strong><span style=\"font-size: 10pt;\"><em>j\u0119zykoznawstwo*<\/em><\/span><\/strong><\/span> <span style=\"color: #008080;\"><strong><span style=\"font-size: 10pt;\"><em>literatura* <\/em><\/span><\/strong><\/span><span style=\"color: #008080;\"><strong><span style=\"font-size: 10pt;\"><em>antropologia* kultura i spo\u0142ecze\u0144stwo* ekonomia* edukacja* sztuki pi\u0119kne* <\/em><\/span><\/strong><\/span><strong><span style=\"font-size: 10pt; color: #008080;\"><em>a<\/em><\/span><\/strong><span style=\"color: #008080;\"><strong><span style=\"font-size: 10pt;\"><em>rcheologia* <\/em><\/span><\/strong><\/span><span style=\"color: #008080;\"><strong><span style=\"font-size: 10pt;\"><em>historia* studia judaistyczne* prawo*\u00a0 filozofia* nauki polityczne* socjologia* studia slawistyczne* teatr* film* teologia* religioznawstwo* <\/em><\/span><\/strong><\/span><\/p>\n<p style=\"text-align: justify;\"><span style=\"color: #008080;\"><strong><span style=\"font-size: 10pt;\"><em><span style=\"color: #ff0000;\">*pe\u0142notekstowa*<\/span><\/em><\/span><\/strong><\/span><\/p>\n<\/td>\n<\/tr>\n<tr style=\"height: 268px;\">\n<td style=\"height: 268px; background-color: #e8e8e8;\">\n<p style=\"text-align: justify;\"><a href=\"https:\/\/www.cairn.info\/\" target=\"_blank\" rel=\"noopener\"><strong>Cairn.info<\/strong><\/a> &#8211; baza stworzona w 2005 roku przez czterech belgijskich i francuskich wydawc\u00f3w akademickich, oferuj\u0105ca najobszerniejszy internetowy zbi\u00f3r francuskoj\u0119zycznych publikacji z zakresu nauk spo\u0142ecznych i humanistycznych. Studenci, naukowcy i bibliotekarze z ca\u0142ego \u015bwiata mog\u0105 uzyska\u0107 dost\u0119p do ponad 500 czasopism i 10 000 e-book\u00f3w od wiod\u0105cych wydawc\u00f3w francuskich, belgijskich i szwajcarskich. Cairn.info uruchomi\u0142o tak\u017ce Cairn International Edition, angloj\u0119zyczn\u0105 platform\u0119, na kt\u00f3rej streszczenia i wybrane artyku\u0142y z kluczowych czasopism na Cairn.info s\u0105 t\u0142umaczone z francuskiego na angielski, umo\u017cliwiaj\u0105c u\u017cytkownikom nieznaj\u0105cym j\u0119zyka francuskiego wyszukiwanie, przegl\u0105danie i czytanie tre\u015bci publikacji.<\/p>\n<p style=\"text-align: justify;\"><strong>\u00a0<span style=\"color: #008080; font-size: 10pt;\">*nauki humanistyczne* nauki spo\u0142eczne* j\u0119zyk francuski*<br \/>\n<span style=\"color: #ff0000;\">*pe\u0142notekstowa*<\/span><br \/>\n<\/span><\/strong><\/p>\n<\/td>\n<\/tr>\n<tr style=\"height: 71px;\">\n<td style=\"height: 71px; background-color: #092a45;\">\n<p align=\"justify\"><span style=\"font-size: 18pt; color: #ffffff;\"><strong>E<\/strong><\/span><\/p>\n<\/td>\n<\/tr>\n<tr style=\"height: 89px;\">\n<td style=\"height: 89px; text-align: justify; background-color: #e8e8e8;\"><a href=\"https:\/\/eric.ed.gov\/\" target=\"_blank\" rel=\"noopener\"><strong>ERIC<\/strong>: Educational Resource Information Center<\/a>, udost\u0119pnia literatur\u0119 i zasoby edukacyjne. Zawiera ponad 1,3 mln rekord\u00f3w i umo\u017cliwia dost\u0119p do informacji z czasopism uwzgl\u0119dnianych w Current Index of Journals in Education oraz Resources in Education Index.<br \/>\n<span style=\"font-size: 10pt; color: #ff0000;\"><strong><em>*pe\u0142notekstowa*<\/em><\/strong><\/span><\/td>\n<\/tr>\n<tr style=\"height: 31px;\">\n<td style=\"height: 31px; text-align: justify; background-color: #d9dedd;\"><a href=\"https:\/\/web.p.ebscohost.com\/ehost\/search\/basic?vid=0&amp;sid=4d3c06e4-a97e-439c-b8ae-8edd1a497fff%40redis\" target=\"_blank\" rel=\"noopener\"><strong>European Views of the Americas: 1493 to 1750<\/strong><\/a> <span style=\"font-size: 10pt;\"><strong>(wyb\u00f3r bazy z listy: Bazy czasopism EBSCO)<\/strong><\/span>\u00a0 &#8211; bibliograficzna baza danych stanowi\u0105ca bogaty przewodnik \u2013 indeks po drukowanych publikacjach dotycz\u0105cych obu Ameryk, napisanych w Europie przed rokiem 1750. Zas\u00f3b jest tworzony na podstawie \u201eEuropean Americana: A Chronological Guide to Works Printed In Europe Relating to The Americas, 1493-1750\u201d, autorytatywnej bibliografii, dobrze znanej i cenionej przez uczonych na ca\u0142ym \u015bwiecie.<br \/>\n<span style=\"font-size: 10pt; color: #ff0000;\"><strong><em>*bibliograficzna*<\/em><\/strong><\/span><\/td>\n<\/tr>\n<tr style=\"height: 71px;\">\n<td style=\"height: 71px; background-color: #092a45;\">\n<p align=\"justify\"><span style=\"font-size: 18pt; color: #ffffff;\"><strong>J<\/strong><\/span><\/p>\n<\/td>\n<\/tr>\n<tr style=\"height: 71px;\">\n<td style=\"height: 71px;\">\n<p style=\"text-align: justify;\"><a href=\"http:\/\/www.jstor.org\/search\/\" target=\"_blank\" rel=\"noopener\"><strong>JSTOR<\/strong><\/a> &#8211; bazy danych firmy ITHAKA z USA zawieraj\u0105ce archiwa czasopism z r\u00f3\u017cnych dziedzin nauki, w szczeg\u00f3lno\u015bci z nauk humanistycznych i sztuk pi\u0119knych, w tym archiwa digitalizowane bezpo\u015brednio przez firm\u0119 ITHAKA, z embargiem w wi\u0119kszo\u015bci 3-5 lat zale\u017cnie od czasopisma.<br \/>\n<span style=\"font-size: 10pt; color: #ff0000;\"><strong><em>*pe\u0142notekstowa*<\/em><\/strong><\/span><\/p>\n<\/td>\n<\/tr>\n<tr style=\"height: 71px;\">\n<td style=\"height: 71px; background-color: #092a45;\">\n<p align=\"justify\"><span style=\"font-size: 18pt; color: #ffffff;\"><strong>M<\/strong><\/span><\/p>\n<\/td>\n<\/tr>\n<tr style=\"height: 249px;\">\n<td style=\"height: 249px;\">\n<p align=\"justify\"><strong><a href=\"https:\/\/web.p.ebscohost.com\/ehost\/search\/basic?vid=0&amp;sid=e509a46f-a207-4879-a7db-8be3a411dbfb%40redis\" target=\"_blank\" rel=\"noopener\">MASTER FILE PREMIER<\/a><\/strong> <span style=\"font-size: 10pt;\"><strong>(wyb\u00f3r bazy z listy: Bazy czasopism\u00a0EBSCO)<\/strong><\/span><strong> \u2013 <\/strong>aktualizowana codziennie wielodziedzinowa baza tekst\u00f3w z czasopism, ksi\u0105\u017cek, dokument\u00f3w \u017ar\u00f3d\u0142owych, zawieraj\u0105ca tak\u017ce kolekcj\u0119 fotografii, map i flag.<\/p>\n<p><span style=\"color: #008080; font-size: 10pt;\"><strong><em>*wielodziedzinowa <\/em><\/strong><\/span><strong><em><span style=\"color: #ff0000; font-size: 10pt;\">*pe\u0142notekstowa<\/span><a href=\"http:\/\/web.b.ebscohost.com\/ehost\/search\/advanced?vid=2&amp;sid=6b6987d9-e6cf-4f85-9cf1-c3252d2f7dcd%40pdc-v-sessmgr01\" target=\"_blank\" rel=\"noopener\"><img loading=\"lazy\" class=\"wp-image-666 aligncenter\" src=\"https:\/\/scbm.usz.edu.pl\/wp-content\/uploads\/2019\/07\/master-file-300x73.png\" alt=\"\" width=\"279\" height=\"68\" srcset=\"https:\/\/scbm.usz.edu.pl\/wp-content\/uploads\/2019\/07\/master-file-300x73.png 300w, https:\/\/scbm.usz.edu.pl\/wp-content\/uploads\/2019\/07\/master-file-768x188.png 768w, https:\/\/scbm.usz.edu.pl\/wp-content\/uploads\/2019\/07\/master-file.png 1024w\" sizes=\"(max-width: 279px) 100vw, 279px\" \/><\/a><\/em><\/strong><\/td>\n<\/tr>\n<tr style=\"height: 71px;\">\n<td style=\"height: 71px; background-color: #092a45;\">\n<p align=\"justify\"><strong><span style=\"font-size: 18pt; color: #ffffff;\">N<\/span><br \/>\n<\/strong><\/p>\n<\/td>\n<\/tr>\n<tr style=\"height: 182px;\">\n<td style=\"height: 182px;\">\n<p style=\"text-align: justify;\"><a href=\"https:\/\/web.s.ebscohost.com\/ehost\/search\/basic?vid=0&amp;sid=e18e122e-bc44-4e02-b442-b76074b24812%40redis\" target=\"_blank\" rel=\"noopener\"><strong>Newspaper Source<\/strong><\/a><strong><span style=\"font-size: 10pt;\"> (wyb\u00f3r bazy z listy: Bazy czasopism EBSCO)<\/span> &#8211; <\/strong>baza zapewnia kompletne wersje elektroniczne ponad 40 og\u00f3lnoameryka\u0144skich i mi\u0119dzynarodowych gazet oraz z licznych gazet wydawanych w poszczeg\u00f3lnych regonach USA. Ponadto udost\u0119pnia ona pe\u0142notekstowe transkrypcje program\u00f3w radiowych i telewizyjnych.<br \/>\n<span style=\"font-size: 10pt;\"><strong><em><span style=\"color: #ff0000;\">*pe\u0142notekstowa*<\/span><\/em><\/strong><\/span><\/p>\n<\/td>\n<\/tr>\n<tr style=\"height: 86px;\">\n<td style=\"height: 86px; background-color: #092a45;\">\n<p style=\"text-align: justify;\"><strong><span style=\"font-size: 18pt; color: #ffffff;\">P<\/span><br \/>\n<\/strong><\/p>\n<\/td>\n<\/tr>\n<tr style=\"height: 215px;\">\n<td style=\"height: 215px;\">\n<p style=\"text-align: justify;\"><strong><a href=\"https:\/\/www.persee.fr\/\" target=\"_blank\" rel=\"noopener\">Pers\u00e9e<\/a><\/strong>&#8211; cyfrowa kolekcja czasopism z nauk humanistycznych i spo\u0142ecznych, tworzona przy wsp\u00f3\u0142pracy francuskich instytucji naukowych, udost\u0119pnia w systemie Open Access francuskoj\u0119zyczne (oraz w mniejszej ilo\u015bci angloj\u0119zyczne) czasopisma naukowe, dysertacje, materia\u0142y sympozjalne i publikacje seryjne. Czasopisma (222 tytu\u0142y) s\u0105 systematycznie dygitalizowane.<strong><br \/>\n<em><span style=\"color: #008080; font-size: 10pt;\">*j\u0119zykoznawstwo* literatura* filozofia* antropologia*archeologia* sztuka* ekonomia* nauka o edukacji* geografia* historia* nauki o informacji i komunikacji* prawo * nauki polityczne* psychologia* nauki spo\u0142eczne* socjologia*<\/span><br \/>\n<\/em><span style=\"color: #ff0000; font-size: 10pt;\"><em>*pe\u0142notekstowa*<\/em><\/span><\/strong><\/p>\n<\/td>\n<\/tr>\n<tr style=\"height: 31px;\">\n<td style=\"height: 31px; background-color: #092a45;\"><strong><span style=\"font-size: 18pt; color: #ffffff;\">S<\/span><br \/>\n<\/strong><\/td>\n<\/tr>\n<tr style=\"height: 295px;\">\n<td style=\"height: 258px;\">\n<p align=\"justify\"><strong><a href=\"https:\/\/www.sciencedirect.com\/\" target=\"_blank\" rel=\"noopener\">SCIENCE DIRECT<\/a><\/strong> &#8211; bogata kolekcja czasopism elektronicznych wydawnictwa Elsevier wraz z archiwami od 1995 roku.<\/p>\n<p><span style=\"font-size: 10pt;\"><strong><em><span style=\"color: #008080;\">*wielodziedzinowa<\/span> <span style=\"color: #ff0000;\">*pe\u0142notekstowa*<\/span><\/em><\/strong><\/span><\/p>\n<p><a href=\"https:\/\/www.sciencedirect.com\/\"><img loading=\"lazy\" class=\"wp-image-758 aligncenter\" src=\"https:\/\/scbm.usz.edu.pl\/wp-content\/uploads\/2019\/08\/science-direct.png\" alt=\"\" width=\"202\" height=\"118\" \/><\/a><\/td>\n<\/tr>\n<tr style=\"height: 239px;\">\n<td style=\"height: 239px;\">\n<p align=\"justify\"><a href=\"https:\/\/link.springer.com\/\" target=\"_blank\" rel=\"noopener\"><strong>Springer Link<\/strong><\/a> &#8211; bogata kolekcja czasopism elektronicznych wydawnictw Springer i Kluwer Academics Publishers oraz e-ksi\u0105\u017cek angloj\u0119zycznych (pocz\u0105wszy od pierwszych wyda\u0144 w XIX w. do 2019 r. w\u0142\u0105cznie, z wyj\u0105tkiem rocznika 2016)<a href=\"http:\/\/vls.icm.edu.pl\/zasady\/2020\/Springer\/Springer_eksiazki_1888_1989_06042021.xlsx\">1888-1989<\/a>, <a href=\"http:\/\/vls.icm.edu.pl\/zasady\/2020\/Springer\/Springer_eksiazki_1990_1999_06042021.xlsx\">1990-1999<\/a>, <a href=\"http:\/\/vls.icm.edu.pl\/zasady\/2020\/Springer\/Springer_eksiazki_2000_2004_06042021.xlsx\">2000-2004<\/a>, <a href=\"http:\/\/vls.icm.edu.pl\/zasady\/2020\/Springer\/Springer_eksiazki_2005_2009_06042021.xlsx\">2005-2009<\/a>, <a href=\"http:\/\/vls.icm.edu.pl\/zasady\/2020\/Springer\/Springer_eksiazki_2010_2014_06042021.xlsx\">2010-2014<\/a>, <a href=\"http:\/\/vls.icm.edu.pl\/zasady\/2020\/Springer\/Springer_eksiazki_2015_2019_06042021.xlsx\">2015-2019<\/a>, a tak\u017ce zbi\u00f3r archiwalnych ksi\u0105\u017cek niemieckoj\u0119zycznych <a href=\"http:\/\/vls.icm.edu.pl\/zasady\/2017\/Springer\/Springer_eksiazki_niemieckie_do2004.xlsx\">1815-2004<\/a>. Zasoby obejmuj\u0105 r\u00f3\u017cne kolekcje tematyczne m.in. nauki humanistyczne, prawo, ekonomi\u0119, rolnictwo, ekologi\u0119, medycyn\u0119, nauki \u015bcis\u0142e i przyrodnicze.<strong><br \/>\n<\/strong><\/p>\n<p align=\"justify\"><span style=\"font-size: 10pt;\"><strong><em><span style=\"color: #008080;\">*wielodziedzinowa<\/span> <span style=\"color: #ff0000;\">*pe\u0142notekstowa*<\/span><\/em><\/strong><\/span><\/p>\n<\/td>\n<\/tr>\n<tr style=\"height: 46px;\">\n<td style=\"height: 46px; background-color: #092a45;\"><span style=\"font-size: 18pt; color: #ffffff;\"><strong>T<\/strong><\/span><\/td>\n<\/tr>\n<tr style=\"height: 158px;\">\n<td style=\"height: 158px;\">\n<p style=\"text-align: justify;\"><a href=\"https:\/\/search.ebscohost.com\/\" target=\"_blank\" rel=\"noopener\"><strong>Teacher Reference Center<\/strong><\/a> <span style=\"font-size: 10pt;\"><strong>(wyb\u00f3r bazy z listy: Bazy czasopism EBSCO) <\/strong><\/span>zawiera indeksy i abstrakty z ponad 280 periodyk\u00f3w. 96% czasopism zawartych w bazie to tytu\u0142y recenzowane naukowo. Tematyka bazy obejmuje m.in. system ocen, opisy najlepszych praktyk, najnowsze badania pedagogiczne, opracowywanie program\u00f3w nauczania, edukacj\u0119 podstawow\u0105, wy\u017csz\u0105 i ustawiczn\u0105, instrukta\u017c, nauczanie j\u0119zyk\u00f3w, standardy oceny umiej\u0119tno\u015bci czytania i pisania, administracj\u0119 szkoln\u0105, nauk\u0119 i technik\u0119 oraz kszta\u0142cenie nauczycieli.<br \/>\n<span style=\"color: #ff0000;\"><em><span style=\"font-size: 10pt;\"><strong><span style=\"color: #008080;\">*szkolnictwo* nauczanie*<\/span><br \/>\n*bibliograficzna *abstraktowa*<\/strong><\/span><\/em><\/span><\/p>\n<\/td>\n<\/tr>\n<tr style=\"height: 100px;\">\n<td style=\"height: 100px; background-color: #e3fce8;\">\n<p style=\"text-align: justify;\"><strong><a href=\"https:\/\/www.tandfonline.com\" target=\"_blank\" rel=\"noopener noreferrer\"><b>Taylor&amp;Francis<\/b> Arts and Humanities<\/a><\/strong> bogata kolekcja artyku\u0142\u00f3w z czasopism obejmuj\u0105ca r\u00f3\u017cne dziedziny nauk humanistycznych i sztuki, takie jak j\u0119zykoznawstwo, literatura, antropologia, historia, filozofia, religia, muzyka, sztuki wizualne i in.<\/p>\n<\/td>\n<\/tr>\n<tr style=\"height: 71px;\">\n<td style=\"height: 71px; background-color: #092a45;\">\n<p style=\"text-align: justify;\"><strong><span style=\"font-size: 18pt; color: #ffffff;\">W<\/span><br \/>\n<\/strong><\/p>\n<\/td>\n<\/tr>\n<tr style=\"height: 244px;\">\n<td style=\"height: 244px;\">\n<p style=\"text-align: justify;\"><a href=\"https:\/\/onlinelibrary.wiley.com\/\" target=\"_blank\" rel=\"noopener\"><strong>Wiley<\/strong><\/a> &#8211; baza na licencji krajowej, kt\u00f3ra obejmuje 1383 czasopisma w kolekcji <a href=\"http:\/\/vls.icm.edu.pl\/zasady\/2021\/Wiley\/FullCollection_2021.xlsx\">Full Collection <\/a>z nauk \u015bcis\u0142ych, humanistycznych i spo\u0142ecznych wraz z archiwami od 1997 roku. Kolekcja zawiera tak\u017ce ponad 2450 ksi\u0105\u017cek elektronicznych wydanych w latach 2009 i 2015, <a href=\"http:\/\/vls.icm.edu.pl\/zasady\/2016\/Wiley\/Wiley_obooks_2015and2009.xls\">(katalog). <\/a>Elektroniczne wersje ksi\u0105\u017cek do nieograniczonego u\u017cytku dla instytucji okre\u015blane s\u0105 przez Wileya terminem \u201co-book\u201d Roczniki czasopism z okresu licencji krajowej (od 2012 roku) oraz zakupione ksi\u0105\u017cki s\u0105 archiwizowane na platformie <a href=\"http:\/\/infona.pl\">Infona<\/a> w ICM z prawem bezterminowego dost\u0119pu dla wszystkich instytucji zg\u0142oszonych do licencji. Na serwerze wydawcy dost\u0119pna jest tak\u017ce specjalna strona <a href=\"http:\/\/landingpages.mosweb.co.uk\/wiley-w-polsce\/\">\u201cWiley w Polsce\u201d<\/a> w j\u0119zyku polskim z dodatkowymi informacjami i linkami do zasob\u00f3w Wiley obj\u0119tych licencj\u0105 krajow\u0105.<br \/>\n<span style=\"font-size: 10pt;\"><strong><em><span style=\"color: #008080;\">*wielodziedzinowa<\/span> <span style=\"color: #ff0000;\">*pe\u0142notekstowa*<\/span><\/em><\/strong><\/span><\/p>\n<\/td>\n<\/tr>\n<tr style=\"height: 844px;\">\n<td style=\"height: 10px;\">\n<p style=\"text-align: justify;\">\n<\/td>\n<\/tr>\n<tr style=\"height: 71px;\">\n<td style=\"height: 10px;\">\n<p align=\"justify\"><span style=\"font-size: 10pt;\"><em>ostatnia aktualizacja 27.11.2025<\/em><\/span><strong><br \/>\n<\/strong><\/p>\n<\/td>\n<\/tr>\n<\/tbody>\n<\/table>\n","protected":false},"excerpt":{"rendered":"<p>A ACADEMIC SEARCH ULTIMATE (wyb\u00f3r bazy z listy: Bazy czasopism EBSCO) &#8211; obszerna baza czasopism elektronicznych, zawieraj\u0105ca r\u00f3wnie\u017c indeksy i&hellip;<\/p>\n","protected":false},"author":3,"featured_media":0,"parent":0,"menu_order":0,"comment_status":"closed","ping_status":"closed","template":"","meta":[],"_links":{"self":[{"href":"https:\/\/scbm.usz.edu.pl\/index.php\/wp-json\/wp\/v2\/pages\/1721"}],"collection":[{"href":"https:\/\/scbm.usz.edu.pl\/index.php\/wp-json\/wp\/v2\/pages"}],"about":[{"href":"https:\/\/scbm.usz.edu.pl\/index.php\/wp-json\/wp\/v2\/types\/page"}],"author":[{"embeddable":true,"href":"https:\/\/scbm.usz.edu.pl\/index.php\/wp-json\/wp\/v2\/users\/3"}],"replies":[{"embeddable":true,"href":"https:\/\/scbm.usz.edu.pl\/index.php\/wp-json\/wp\/v2\/comments?post=1721"}],"version-history":[{"count":28,"href":"https:\/\/scbm.usz.edu.pl\/index.php\/wp-json\/wp\/v2\/pages\/1721\/revisions"}],"predecessor-version":[{"id":1991,"href":"https:\/\/scbm.usz.edu.pl\/index.php\/wp-json\/wp\/v2\/pages\/1721\/revisions\/1991"}],"wp:attachment":[{"href":"https:\/\/scbm.usz.edu.pl\/index.php\/wp-json\/wp\/v2\/media?parent=1721"}],"curies":[{"name":"wp","href":"https:\/\/api.w.org\/{rel}","templated":true}]}}