{"id":1531,"date":"2021-11-24T13:31:01","date_gmt":"2021-11-24T12:31:01","guid":{"rendered":"https:\/\/scbm.usz.edu.pl\/?page_id=1531"},"modified":"2022-12-28T12:46:51","modified_gmt":"2022-12-28T11:46:51","slug":"dla-naukowca","status":"publish","type":"page","link":"https:\/\/scbm.usz.edu.pl\/index.php\/dla-naukowca\/","title":{"rendered":"DLA NAUKOWCA"},"content":{"rendered":"<ul>\n<li><a href=\"https:\/\/scbm.usz.edu.pl\/index.php\/bibliometria\/\"><strong>NAUKOMETRIA<\/strong><\/a><\/li>\n<li><a href=\"https:\/\/scbm.usz.edu.pl\/index.php\/publikowanie-w-otwartym-dostepie-narzedzia\/\"><strong>PUBLIKOWANIE W OPEN ACCESS<\/strong><\/a><\/li>\n<li><a href=\"https:\/\/scbm.usz.edu.pl\/index.php\/repozytoria-danych-badawczych\/\"><strong>REPOZYTORIA DANYCH BADAWCZYCH<\/strong><\/a><\/li>\n<li><strong><a href=\"https:\/\/scbm.usz.edu.pl\/index.php\/materialy-szkoleniowe\/\" target=\"_blank\" rel=\"noopener\">PRZYDATNE WEBINARIA<\/a><\/strong><\/li>\n<\/ul>\n<p style=\"text-align: justify;\"><span style=\"color: #ff6600;\"><strong><a style=\"color: #ff6600;\" href=\"https:\/\/nauka.pwn.pl\/?utm_term=utm_term&amp;snrs_cl=44a315b0-6226-11eb-a52e-97490f3a421d&amp;snrs_medium=email&amp;utm_campaign=1003_0822_libra_newsletter_20220802_b2b&amp;snrs_test=false&amp;utm_medium=newsletter&amp;snrs_cp=fa3c18f2-de25-4ef1-b636-12c992f7c344&amp;snrs_he=-278732492&amp;utm_source=synerise&amp;utm_content=variant_a&amp;snrs_n=3&amp;snrs_action=newsletter.click&amp;snrs_category=client._DEVICE_.browser.mail&amp;snrs_var=6516838&amp;snrs_redir=1\" target=\"_blank\" rel=\"noopener\"><span style=\"color: #339966; background-color: #99cc00;\"><span style=\"background-color: #ccffcc;\">PWN NAUKA<\/span><\/span><span style=\"color: #339966;\"> &#8211; <\/span><\/a><\/strong><\/span><span style=\"font-size: 10pt;\">bezp\u0142atne e-czasopismo dla naukowc\u00f3w, dydaktyk\u00f3w i doktorant\u00f3w. Zapewnia zawsze wiarygodne i aktualne informacje o nauce <\/span><span style=\"font-size: 10pt;\">i szkolnictwie wy\u017cszym, wiedz\u0119 o optymalnych metodach i narz\u0119dziach przydatnych w prowadzeniu bada\u0144 naukowych, wskaz\u00f3wki o sposobach pozyskania finansowania i rozliczania bada\u0144, wyb\u00f3r najciekawszych projekt\u00f3w edukacyjnych, program\u00f3w stypendialnych, grant\u00f3w oraz dotacji i wszelkie inne pomoce w planowaniu \u015bcie\u017cki kariery naukowej. W celu uzyskania dost\u0119pu do tre\u015bci e-czasopisma nale\u017cy w\u0142\u0105czy\u0107 darmow\u0105 subskrypcj\u0119<br \/>\n<\/span><\/p>\n<h3 class=\"section-subheading\"><em><span style=\"font-size: 10pt;\">\u00a0<\/span><\/em><\/h3>\n<p><span style=\"font-size: 10pt;\">\u00a0<\/span><\/p>\n<p>&nbsp;<\/p>\n<p>&nbsp;<\/p>\n<p>&nbsp;<\/p>\n<p><span style=\"font-size: 10pt;\"><em>ostatnia aktualizacja: 3.08.2022<\/em><\/span><\/p>\n","protected":false},"excerpt":{"rendered":"<p>NAUKOMETRIA PUBLIKOWANIE W OPEN ACCESS REPOZYTORIA DANYCH BADAWCZYCH PRZYDATNE WEBINARIA PWN NAUKA &#8211; bezp\u0142atne e-czasopismo dla naukowc\u00f3w, dydaktyk\u00f3w i doktorant\u00f3w.&hellip;<\/p>\n","protected":false},"author":3,"featured_media":0,"parent":0,"menu_order":0,"comment_status":"closed","ping_status":"closed","template":"","meta":[],"_links":{"self":[{"href":"https:\/\/scbm.usz.edu.pl\/index.php\/wp-json\/wp\/v2\/pages\/1531"}],"collection":[{"href":"https:\/\/scbm.usz.edu.pl\/index.php\/wp-json\/wp\/v2\/pages"}],"about":[{"href":"https:\/\/scbm.usz.edu.pl\/index.php\/wp-json\/wp\/v2\/types\/page"}],"author":[{"embeddable":true,"href":"https:\/\/scbm.usz.edu.pl\/index.php\/wp-json\/wp\/v2\/users\/3"}],"replies":[{"embeddable":true,"href":"https:\/\/scbm.usz.edu.pl\/index.php\/wp-json\/wp\/v2\/comments?post=1531"}],"version-history":[{"count":11,"href":"https:\/\/scbm.usz.edu.pl\/index.php\/wp-json\/wp\/v2\/pages\/1531\/revisions"}],"predecessor-version":[{"id":1981,"href":"https:\/\/scbm.usz.edu.pl\/index.php\/wp-json\/wp\/v2\/pages\/1531\/revisions\/1981"}],"wp:attachment":[{"href":"https:\/\/scbm.usz.edu.pl\/index.php\/wp-json\/wp\/v2\/media?parent=1531"}],"curies":[{"name":"wp","href":"https:\/\/api.w.org\/{rel}","templated":true}]}}