{"id":1314,"date":"2021-10-25T12:11:21","date_gmt":"2021-10-25T10:11:21","guid":{"rendered":"https:\/\/scbm.usz.edu.pl\/?page_id=1314"},"modified":"2024-02-09T13:56:55","modified_gmt":"2024-02-09T12:56:55","slug":"warsztat-studenta","status":"publish","type":"page","link":"https:\/\/scbm.usz.edu.pl\/index.php\/warsztat-studenta\/","title":{"rendered":"WARSZTAT STUDENTA"},"content":{"rendered":"<p><strong>WARSZTATY DLA STUDENT\u00d3W PISZ\u0104CYCH PRAC\u0118 DYPLOMOW\u0104<\/strong><\/p>\n<hr \/>\n<ul style=\"list-style-type: circle;\">\n<li><strong><a href=\"https:\/\/scbm.usz.edu.pl\/wp-content\/uploads\/2022\/12\/J.L-Sposoby-i-miejsca-wyszukiwania-literatury-tematycznej-do-pracy-naukowej-nauki-o-zyciu.pdf\" target=\"_blank\" rel=\"noopener\">Sposoby i miejsca wyszukiwania literatury tematycznej do pracy naukowej z kultury fizycznej, promocji zdrowia <\/a><\/strong><strong><a href=\"https:\/\/scbm.usz.edu.pl\/wp-content\/uploads\/2020\/11\/J.Lejman_-Sposoby-i-miejsca-wyszukiwania-literatury-tematycznej-do-pracy-naukowej-nauki-o-\u017cyciu.pdf\">i nauk pokrewnych<\/a><br \/>\n<\/strong><\/li>\n<\/ul>\n<p>&nbsp;<\/p>\n<ul style=\"list-style-type: circle;\">\n<li><strong><strong><a href=\"https:\/\/scbm.usz.edu.pl\/wp-content\/uploads\/2022\/12\/Sposoby-wyszukiwania-materialow-naukowych.pdf\" target=\"_blank\" rel=\"noopener\">Sposoby wyszukiwania materia\u0142\u00f3w naukowych- poradnik dla student\u00f3w kierunk\u00f3w humanistycznych<\/a><\/strong><\/strong><\/li>\n<\/ul>\n<p>&nbsp;<\/p>\n<ul style=\"list-style-type: circle;\">\n<li><strong><strong><a href=\"https:\/\/scbm.usz.edu.pl\/wp-content\/uploads\/2022\/12\/Wykorzystywanie-zasobow-elektronicznych-poradnik.pdf\" target=\"_blank\" rel=\"noopener\">Wykorzystywanie zasob\u00f3w elektronicznych (poradnik)<\/a><\/strong><\/strong><\/li>\n<\/ul>\n<p>&nbsp;<\/p>\n<ul style=\"list-style-type: circle;\">\n<li><strong><a href=\"https:\/\/scbm.usz.edu.pl\/wp-content\/uploads\/2020\/06\/Wskaz\u00f3wki-dla-autorek-autor\u00f3w-prac-naukowych.pdf\" target=\"_blank\" rel=\"noopener\">Wskaz\u00f3wki dla autorek\/autor\u00f3w prac naukowych dotycz\u0105ce bibliografii za\u0142\u0105cznikowej<\/a><\/strong><\/li>\n<\/ul>\n<p>&nbsp;<\/p>\n<h3><a href=\"https:\/\/scbm.usz.edu.pl\/index.php\/2024\/02\/09\/2255\/\"><span style=\"background-color: #ffcc99;\"><em>Zach\u0119camy d<strong>o odbycia cyklu szkole\u0144 &#8220;Napisz prac\u0119 licencjack\u0105 i magistersk\u0105 z EBSCO!&#8221; 27-28.02.2024<\/strong><\/em><\/span><\/a><\/h3>\n<p><span style=\"font-size: 10pt;\"><em>Ostatnia aktualizacja: 9.02.2024<\/em><\/span><\/p>\n","protected":false},"excerpt":{"rendered":"<p>WARSZTATY DLA STUDENT\u00d3W PISZ\u0104CYCH PRAC\u0118 DYPLOMOW\u0104 Sposoby i miejsca wyszukiwania literatury tematycznej do pracy naukowej z kultury fizycznej, promocji zdrowia&hellip;<\/p>\n","protected":false},"author":3,"featured_media":0,"parent":0,"menu_order":0,"comment_status":"closed","ping_status":"closed","template":"","meta":[],"_links":{"self":[{"href":"https:\/\/scbm.usz.edu.pl\/index.php\/wp-json\/wp\/v2\/pages\/1314"}],"collection":[{"href":"https:\/\/scbm.usz.edu.pl\/index.php\/wp-json\/wp\/v2\/pages"}],"about":[{"href":"https:\/\/scbm.usz.edu.pl\/index.php\/wp-json\/wp\/v2\/types\/page"}],"author":[{"embeddable":true,"href":"https:\/\/scbm.usz.edu.pl\/index.php\/wp-json\/wp\/v2\/users\/3"}],"replies":[{"embeddable":true,"href":"https:\/\/scbm.usz.edu.pl\/index.php\/wp-json\/wp\/v2\/comments?post=1314"}],"version-history":[{"count":19,"href":"https:\/\/scbm.usz.edu.pl\/index.php\/wp-json\/wp\/v2\/pages\/1314\/revisions"}],"predecessor-version":[{"id":2261,"href":"https:\/\/scbm.usz.edu.pl\/index.php\/wp-json\/wp\/v2\/pages\/1314\/revisions\/2261"}],"wp:attachment":[{"href":"https:\/\/scbm.usz.edu.pl\/index.php\/wp-json\/wp\/v2\/media?parent=1314"}],"curies":[{"name":"wp","href":"https:\/\/api.w.org\/{rel}","templated":true}]}}