{"id":1254,"date":"2021-09-05T15:04:50","date_gmt":"2021-09-05T13:04:50","guid":{"rendered":"https:\/\/scbm.usz.edu.pl\/?page_id=1254"},"modified":"2026-02-23T11:46:31","modified_gmt":"2026-02-23T10:46:31","slug":"czytelnia-on-line-kultura-fizyczna-i-zdrowie","status":"publish","type":"page","link":"https:\/\/scbm.usz.edu.pl\/index.php\/czytelnia-on-line-kultura-fizyczna-i-zdrowie\/","title":{"rendered":"CZYTELNIA on-line \u2013 KULTURA FIZYCZNA i ZDROWIE"},"content":{"rendered":"<p><a href=\"https:\/\/scbm.usz.edu.pl\/index.php\/czytelnia-on-line-kf-i-z-menedzer-sportu-i-rekreacji\/\"><strong>MENED\u017bER SPORTU I REKREACJI<\/strong><\/a><\/p>\n<p><a href=\"https:\/\/scbm.usz.edu.pl\/index.php\/czytelnia-on-line-kf-i-z-zeglarstwo-bezpieczenstwo-wodne\/\"><strong>\u017bEGLARSTWO, BEZPIECZE\u0143STWO WODNE<\/strong><\/a><\/p>\n<p><a href=\"https:\/\/scbm.usz.edu.pl\/index.php\/czytelnia-on-line-kf-i-z-biomedycyna-medycyna-sportowa\/\"><strong>SPORT, MEDYCYNA SPORTOWA<\/strong><\/a><\/p>\n<p><a href=\"https:\/\/scbm.usz.edu.pl\/index.php\/czytelnia-on-line-kf-i-z-turystyka-i-rekreacja\/\" target=\"_blank\" rel=\"noopener\"><strong>TURYSTYKA, REKREACJA<\/strong><\/a><\/p>\n<p>&nbsp;<\/p>\n<p><em><span style=\"font-size: 8pt;\">Ostatnia aktualizacja 23.02.2026<\/span><\/em><\/p>\n","protected":false},"excerpt":{"rendered":"<p>MENED\u017bER SPORTU I REKREACJI \u017bEGLARSTWO, BEZPIECZE\u0143STWO WODNE SPORT, MEDYCYNA SPORTOWA TURYSTYKA, REKREACJA &nbsp; Ostatnia aktualizacja 23.02.2026<\/p>\n","protected":false},"author":3,"featured_media":0,"parent":0,"menu_order":0,"comment_status":"closed","ping_status":"closed","template":"","meta":[],"_links":{"self":[{"href":"https:\/\/scbm.usz.edu.pl\/index.php\/wp-json\/wp\/v2\/pages\/1254"}],"collection":[{"href":"https:\/\/scbm.usz.edu.pl\/index.php\/wp-json\/wp\/v2\/pages"}],"about":[{"href":"https:\/\/scbm.usz.edu.pl\/index.php\/wp-json\/wp\/v2\/types\/page"}],"author":[{"embeddable":true,"href":"https:\/\/scbm.usz.edu.pl\/index.php\/wp-json\/wp\/v2\/users\/3"}],"replies":[{"embeddable":true,"href":"https:\/\/scbm.usz.edu.pl\/index.php\/wp-json\/wp\/v2\/comments?post=1254"}],"version-history":[{"count":9,"href":"https:\/\/scbm.usz.edu.pl\/index.php\/wp-json\/wp\/v2\/pages\/1254\/revisions"}],"predecessor-version":[{"id":2786,"href":"https:\/\/scbm.usz.edu.pl\/index.php\/wp-json\/wp\/v2\/pages\/1254\/revisions\/2786"}],"wp:attachment":[{"href":"https:\/\/scbm.usz.edu.pl\/index.php\/wp-json\/wp\/v2\/media?parent=1254"}],"curies":[{"name":"wp","href":"https:\/\/api.w.org\/{rel}","templated":true}]}}