{"id":1057,"date":"2020-12-09T12:05:50","date_gmt":"2020-12-09T11:05:50","guid":{"rendered":"https:\/\/scbm.usz.edu.pl\/?page_id=1057"},"modified":"2026-02-10T16:21:52","modified_gmt":"2026-02-10T15:21:52","slug":"bazy-w-dostepie-testowym","status":"publish","type":"page","link":"https:\/\/scbm.usz.edu.pl\/index.php\/bazy-w-dostepie-testowym\/","title":{"rendered":"Bazy w dost\u0119pie testowym"},"content":{"rendered":"<p><a href=\"https:\/\/www.webofscience.com\/\" target=\"_blank\" rel=\"noopener\"><strong><span style=\"font-size: 14pt;\">Web of Science AI Research Assistant<\/span><\/strong><\/a><\/p>\n<p><span style=\"font-size: 10pt;\">Dost\u0119p testowy <strong><span style=\"color: #ff0000;\">do 13.02.2026 r.<\/span> <\/strong>w infrastrukturze sieci Uniwersytetu Szczeci\u0144skiego oraz <a href=\"https:\/\/bg.usz.edu.pl\/zdalny-dostep-do-baz\/\">zdalnie<\/a>, poprzez <a href=\"https:\/\/sslkatalog.bg.szczecin.pl\/cgi-bin\/koha\/opac-user.pl\">w\u0142asne konto biblioteczne<\/a>.<\/span><\/p>\n<p><span style=\"font-size: 10pt;\"><em>Web of Science AI Research Assistant<\/em> to osobisty asystent nap\u0119dzany generatywn\u0105 sztuczn\u0105 inteligencj\u0105, kt\u00f3ry pozwoli\u00a0 w pe\u0142ni wykorzysta\u0107 potencja\u0142 najwi\u0119kszej na \u015bwiecie bazy cytowa\u0144.<\/span><\/p>\n<p><span style=\"font-size: 10pt;\">Jak dzia\u0142a?<\/span><\/p>\n<ul>\n<li style=\"text-align: justify;\"><span style=\"font-size: 10pt;\">Rozumie\u00a0naturalny j\u0119zyk\u00a0i wspiera wyszukiwanie w wielu j\u0119zykach.<\/span><\/li>\n<li style=\"text-align: justify;\"><span style=\"font-size: 10pt;\">Daje\u00a0zwi\u0119z\u0142e podsumowania\u00a0temat\u00f3w i wynik\u00f3w.<\/span><\/li>\n<li style=\"text-align: justify;\"><span style=\"font-size: 10pt;\">Prowadzi przez proces badawczy za pomoc\u0105\u00a0kierowanych instrukcji.<\/span><\/li>\n<li style=\"text-align: justify;\"><span style=\"font-size: 10pt;\">Tworzy\u00a0wizualizacje\u00a0(mapy temat\u00f3w, sieci cytowa\u0144, wykresy), kt\u00f3re pomagaj\u0105 zobaczy\u0107 wi\u0119cej.<\/span><\/li>\n<li style=\"text-align: justify;\"><span style=\"font-size: 10pt;\">Odpowiada na pytania i sugestie, pomagaj\u0105c odkrywa\u0107 nowe \u015bcie\u017cki badawcze.<\/span><\/li>\n<li style=\"text-align: justify;\"><span style=\"font-size: 10pt;\">Rozpoznaje intencj\u0119 pytania i dostosowuje odpowied\u017a: na\u00a0pytania merytoryczne\u00a0(np.\u00a0<em>\u201eJaka jest rola mitochondri\u00f3w w nowotworach?\u201d<\/em>) \u2013 generuje merytoryczne podsumowanie na podstawie wiarygodnych \u017ar\u00f3de\u0142 z Web of Science, podaj\u0105c referencje; na pro\u015bby o dokumenty\u00a0(np.\u00a0<em>\u201ePrace na temat zmiany klimatu z 2018 roku\u201d<\/em>) \u2013 dostarcza list\u0119 najbardziej trafnych publikacji.<\/span><\/li>\n<\/ul>\n<p><span style=\"font-size: 10pt;\">Asystenta AI warto wykorzysta\u0107 na kluczowych etapach pracy naukowej do:<\/span><\/p>\n<ul>\n<li><span style=\"font-size: 10pt;\">Pog\u0142\u0119bionej\u00a0eksploracji nowych obszar\u00f3w badawczych.<\/span><\/li>\n<li><span style=\"font-size: 10pt;\">Sprawnego\u00a0rozpocz\u0119cia i prowadzenia przegl\u0105du literatury.<\/span><\/li>\n<li><span style=\"font-size: 10pt;\">Celnego\u00a0doboru czasopisma dla waszej publikacji.<\/span><\/li>\n<li><span style=\"font-size: 10pt;\">Identyfikacji autorytet\u00f3w i o\u015brodk\u00f3w\u00a0kszta\u0142tuj\u0105cych dan\u0105 dyscyplin\u0119.<\/span><\/li>\n<\/ul>\n<p><span style=\"font-size: 10pt;\">W celu w\u0142\u0105czenia funkcji asystenta AI nale\u017cy klikn\u0105\u0107 \u201eGet started with Research Assistant\u201d\u00a0pod paskiem wyszukiwania lub wybra\u0107 zak\u0142adk\u0119\u00a0\u201eResearch Assistant\u201d\u00a0u g\u00f3ry strony.\ud83d\udd17\u00a0<\/span><a class=\"ek-link\" href=\"https:\/\/www.webofscience.com\/\" target=\"_blank\" rel=\"noreferrer noopener\"><span style=\"font-size: 10pt;\">https:\/\/www.webofscience.com\/<\/span><\/a><\/p>\n<hr \/>\n<hr \/>\n<p><a href=\"https:\/\/research.ebsco.com\/c\/7n3q3l?db=gof\" target=\"_blank\" rel=\"noopener\"><strong><span style=\"font-size: 14pt;\">GeoRef with Full Text <\/span><\/strong><\/a><span style=\"font-size: 10pt;\">(EBSCO) czerpi\u0105c z publikacji ukazuj\u0105cych si\u0119 na ca\u0142ym \u015bwiecie w wielu j\u0119zykach, oferuje badaczom prawdziwie mi\u0119dzynarodow\u0105 i wszechstronn\u0105 perspektyw\u0119 w dziedzinie nauk o Ziemi. Lista tytu\u0142\u00f3w:\u00a0<a class=\"ek-link\" href=\"https:\/\/about.ebsco.com\/m\/ee\/Marketing\/titleLists\/get-coverage.xls\" target=\"_blank\" rel=\"noreferrer noopener\" aria-label=\" (opens in a new tab)\"><strong>Excel<\/strong><\/a>\u00a0|\u00a0<a class=\"ek-link\" href=\"https:\/\/about.ebsco.com\/m\/ee\/Marketing\/titleLists\/get-coverage.htm\" target=\"_blank\" rel=\"noreferrer noopener\" aria-label=\" (opens in a new tab)\"><strong>HTML <\/strong><\/a>Lista tematyczna: <a class=\"ek-link\" href=\"https:\/\/about.ebsco.com\/m\/ee\/Marketing\/titleLists\/get-subject.xls\" target=\"_blank\" rel=\"noreferrer noopener\" aria-label=\" (opens in a new tab)\"><strong>Excel<\/strong><\/a>\u00a0|\u00a0<a class=\"ek-link\" href=\"https:\/\/about.ebsco.com\/m\/ee\/Marketing\/titleLists\/get-subject.htm\" target=\"_blank\" rel=\"noreferrer noopener\" aria-label=\" (opens in a new tab)\"><strong>HTML<\/strong><\/a><\/span><\/p>\n<p><span style=\"font-size: 10pt;\">Dost\u0119p testowy<span style=\"color: #ff0000;\"> <strong>do 25 marca 2026r. <\/strong><\/span>w\u00a0infrastrukturze sieci Uniwersytetu Szczeci\u0144skiego oraz <a href=\"https:\/\/bg.usz.edu.pl\/zdalny-dostep-do-baz\/\">zdalnie<\/a>, poprzez <a href=\"https:\/\/sslkatalog.bg.szczecin.pl\/cgi-bin\/koha\/opac-user.pl\">w\u0142asne konto biblioteczne<\/a>.<\/span><\/p>\n<p>&nbsp;<\/p>\n<p>&nbsp;<\/p>\n<p>&nbsp;<\/p>\n<p>&nbsp;<\/p>\n<p>&nbsp;<\/p>\n<p>&nbsp;<\/p>\n<p><span style=\"font-size: 10pt;\">Ostatnia aktualizacja: 10.02.2026<\/span><\/p>\n","protected":false},"excerpt":{"rendered":"<p>Web of Science AI Research Assistant Dost\u0119p testowy do 13.02.2026 r. w infrastrukturze sieci Uniwersytetu Szczeci\u0144skiego oraz zdalnie, poprzez w\u0142asne&hellip;<\/p>\n","protected":false},"author":3,"featured_media":0,"parent":0,"menu_order":0,"comment_status":"closed","ping_status":"closed","template":"","meta":[],"_links":{"self":[{"href":"https:\/\/scbm.usz.edu.pl\/index.php\/wp-json\/wp\/v2\/pages\/1057"}],"collection":[{"href":"https:\/\/scbm.usz.edu.pl\/index.php\/wp-json\/wp\/v2\/pages"}],"about":[{"href":"https:\/\/scbm.usz.edu.pl\/index.php\/wp-json\/wp\/v2\/types\/page"}],"author":[{"embeddable":true,"href":"https:\/\/scbm.usz.edu.pl\/index.php\/wp-json\/wp\/v2\/users\/3"}],"replies":[{"embeddable":true,"href":"https:\/\/scbm.usz.edu.pl\/index.php\/wp-json\/wp\/v2\/comments?post=1057"}],"version-history":[{"count":30,"href":"https:\/\/scbm.usz.edu.pl\/index.php\/wp-json\/wp\/v2\/pages\/1057\/revisions"}],"predecessor-version":[{"id":2780,"href":"https:\/\/scbm.usz.edu.pl\/index.php\/wp-json\/wp\/v2\/pages\/1057\/revisions\/2780"}],"wp:attachment":[{"href":"https:\/\/scbm.usz.edu.pl\/index.php\/wp-json\/wp\/v2\/media?parent=1057"}],"curies":[{"name":"wp","href":"https:\/\/api.w.org\/{rel}","templated":true}]}}