{"id":1045,"date":"2024-11-07T02:41:25","date_gmt":"2024-11-07T01:41:25","guid":{"rendered":"https:\/\/scbm.usz.edu.pl\/?page_id=1045"},"modified":"2024-11-07T17:47:14","modified_gmt":"2024-11-07T16:47:14","slug":"jove-dostep-testowy","status":"publish","type":"page","link":"https:\/\/scbm.usz.edu.pl\/index.php\/jove-dostep-testowy\/","title":{"rendered":"JoVE- dost\u0119p testowy do 20 grudnia 2024"},"content":{"rendered":"<p style=\"text-align: justify;\"><a href=\"https:\/\/www.jove.com\"><strong>JoVE\u00a0 <span style=\"font-size: 10pt;\">(Journal of Visualized Experiments)<\/span><\/strong><\/a><span style=\"font-size: 10pt;\"> \u00a0to <strong>pierwsze na \u015bwiecie<\/strong>, <strong>recenzowane czasopismo w formacie video-artyku\u0142\u00f3w<\/strong> z Impact Factor (IF=1.184) w dyscyplinach STEM (Science, Technology, Engineering, Math), w dziedzinie nauk przyrodniczych, \u015bcis\u0142ych oraz medycznych. <\/span><span style=\"font-size: 10pt;\">Ka\u017cdy artyku\u0142 w JoVE to film z nagranym przebiegiem eksperymentu, a tak\u017ce z jego opisem tekstowym, wykazem materia\u0142\u00f3w u\u017cytych w eksperymencie i bibliografi\u0105. Materia\u0142y tekstowe mo\u017cna pobra\u0107 w formie plik\u00f3w PDF.<\/span><\/p>\n<p style=\"text-align: justify;\"><span style=\"color: #003366;\"><span style=\"font-size: 10pt;\">Czasopismo jest<strong> dost\u0119pne do testowania <\/strong>dla spo\u0142eczno\u015bci Uniwersytetu Szczeci\u0144skiego<strong> od 7.11 &#8211; 20.12.2024 r.<br \/>\n<\/strong><\/span><span style=\"font-size: 10pt;\">W celu korzystania z dost\u0119pu<span style=\"background-color: #e8c1c1;\"><strong> nale\u017cy wej\u015b\u0107 na stron\u0119 <\/strong><a class=\"ek-link\" style=\"color: #003366; background-color: #e8c1c1;\" href=\"https:\/\/www.jove.com\/\" target=\"_blank\" rel=\"noreferrer noopener\" aria-label=\" (opens in a new tab)\"><strong>www.jove.com<\/strong><\/a><\/span><\/span><\/span><br \/>\n<span style=\"font-size: 10pt; color: #003366;\">Nast\u0119pnie, w zak\u0142adce <span style=\"background-color: #e8c1c1;\"><em><strong>Sign in<\/strong><\/em><\/span> wybra\u0107 opcj\u0119 <span style=\"background-color: #e8c1c1;\"><em><strong>Create an Account,<\/strong><\/em><\/span> gdzie nale\u017cy <span style=\"background-color: #e8c1c1;\">wprowadzi\u0107 wymagane dane<\/span>, w tym utworzy\u0107 <span style=\"background-color: #e8c1c1;\">has\u0142o dost\u0119pu<\/span>. (W formularzu wyboru e-maila nale\u017cy poda\u0107 sw\u00f3j e-mail instytucjonalny, a przy wyborze instytucji nale\u017cy wpisa\u0107 nazw\u0119 &#8220;University of Szczecin&#8221;). Na wpisany w formularzu e-mail (instytucjonalny) u\u017cytkownik otrzyma <span style=\"background-color: #e8c1c1;\">pro\u015bb\u0119 potwierdzenia swoich danych<\/span>. Po pomy\u015blnej weryfikacji nale\u017cy w zak\u0142adce <strong><em>Sign in <\/em><\/strong><span style=\"background-color: #e8c1c1;\">zalogowa\u0107 si\u0119<\/span> za pomoc\u0105 swojego adresu email i utworzonego has\u0142a. Od tego momentu mo\u017cna rozpocz\u0105\u0107 odkrywanie wiedzy w nowoczesnej formie.<\/span><\/p>\n<p style=\"text-align: justify;\"><span style=\"font-size: 10pt;\">JoVE \u00a0wyr\u00f3\u017cnia:<\/span><\/p>\n<ul style=\"text-align: justify;\">\n<li><span style=\"font-size: 10pt;\">10000+ recenzowanych video-artyku\u0142\u00f3w JoVE Journal<\/span><\/li>\n<li><span style=\"font-size: 10pt;\">ok. 700 wizualizacji Science Education<\/span><\/li>\n<li><span style=\"font-size: 10pt;\">150+ nowych artyku\u0142\u00f3w ka\u017cdego miesi\u0105ca<\/span><\/li>\n<li><span style=\"font-size: 10pt;\">13 indywidualnych sekcji o szerokim zakresie temat\u00f3w naukowych<\/span><\/li>\n<li><span style=\"font-size: 10pt;\">17000+ autor\u00f3w z renomowanych uczelni i instytucji badawczych<\/span><\/li>\n<li><span style=\"font-size: 10pt;\">Impact Factor (IF=1.184)<\/span><\/li>\n<li><span style=\"font-size: 10pt;\">30 punkt\u00f3w z listy A wykazu czasopism Ministerstwa Edukacji (poz. 7543)<\/span><\/li>\n<\/ul>\n<p style=\"text-align: justify;\"><span style=\"font-size: 10pt;\">Artyku\u0142y JoVE s\u0105 indeksowane mi\u0119dzy innymi w Web of Science, PubMed, Medline i Scopus.<br \/>\n<\/span><span style=\"font-size: 10pt;\">Filmy naukowe JoVE\u00a0 zawarte s\u0105 w dw\u00f3ch wyj\u0105tkowych zasobach: <strong>JoVE Video Journal<\/strong> i <strong>JoVE Science Education Library<\/strong>.<\/span><\/p>\n<ul>\n<li style=\"text-align: justify;\"><span style=\"font-size: 10pt;\"><strong>Video Journal<\/strong> to magazyn 13 sekcji recenzowanych video-artyku\u0142\u00f3w maj\u0105cych na celu: zwi\u0119kszenie produktywno\u015bci bada\u0144 naukowych, wizualizacj\u0119 prowadzonych bada\u0144 wraz z mo\u017cliwo\u015bci\u0105 ich opublikowania w bazie oraz popraw\u0119 efektywno\u015bci nauczania w szko\u0142ach wy\u017cszych.<\/span><br \/>\n<span style=\"font-size: 10pt;\">Sekcje:<\/span><\/li>\n<\/ul>\n<p style=\"padding-left: 90px;\"><span style=\"font-size: 10pt;\">\u00a0\u00a0\u00a0 BEHAVIOR \u2013 psychologia<\/span><\/p>\n<p style=\"padding-left: 90px;\"><span style=\"font-size: 10pt;\">\u00a0\u00a0\u00a0 BIOCHEMISTRY \u2013 biochemia<\/span><\/p>\n<p style=\"padding-left: 90px;\"><span style=\"font-size: 10pt;\">\u00a0\u00a0\u00a0 BIOENGINEERING \u2013 bioin\u017cynieria<\/span><\/p>\n<p style=\"padding-left: 90px;\"><span style=\"font-size: 10pt;\">\u00a0\u00a0\u00a0 BIOLOGY \u2013 biologia<\/span><\/p>\n<p style=\"padding-left: 90px;\"><span style=\"font-size: 10pt;\">\u00a0\u00a0\u00a0 CANCER RESEARCH \u2013 onkologia<\/span><\/p>\n<p style=\"padding-left: 90px;\"><span style=\"font-size: 10pt;\">\u00a0\u00a0\u00a0 CHEMISTRY \u2013 chemia<\/span><\/p>\n<p style=\"padding-left: 90px;\"><span style=\"font-size: 10pt;\">\u00a0\u00a0\u00a0 DEVELOPMENTAL BIOLOGY \u2013 biologia rozwoju<\/span><\/p>\n<p style=\"padding-left: 90px;\"><span style=\"font-size: 10pt;\">\u00a0\u00a0\u00a0 ENGINEERING \u2013 in\u017cynieria<\/span><\/p>\n<p style=\"padding-left: 90px;\"><span style=\"font-size: 10pt;\">\u00a0\u00a0\u00a0 ENVIRONMENT \u2013 nauki \u015brodowiskowe<\/span><\/p>\n<p style=\"padding-left: 90px;\"><span style=\"font-size: 10pt;\">\u00a0\u00a0\u00a0 GENETICS \u2013 genetyka<\/span><\/p>\n<p style=\"padding-left: 90px;\"><span style=\"font-size: 10pt;\">\u00a0\u00a0\u00a0 IMMUNOLOGY AND INFECTION \u2013 immunologia<\/span><\/p>\n<p style=\"padding-left: 90px;\"><span style=\"font-size: 10pt;\">\u00a0\u00a0\u00a0 MEDICINE \u2013 medycyna<\/span><\/p>\n<p style=\"padding-left: 90px;\"><span style=\"font-size: 10pt;\">\u00a0\u00a0\u00a0 NEUROSCIENCE \u2013 neuronauka<\/span><\/p>\n<ul>\n<li><span style=\"font-size: 10pt;\"><strong>Science Education<\/strong> to baza video 10 sekcji, wizualizacji przeznaczonych do pracy ze studentami podczas zaj\u0119\u0107.<\/span><br \/>\n<span style=\"font-size: 10pt;\">Sekcje:<\/span><\/li>\n<\/ul>\n<p style=\"padding-left: 90px;\"><span style=\"font-size: 10pt;\">\u00a0\u00a0\u00a0 CORE \u2013 NEW \u2013 podstawowe eksperymenty biologiczne \u2013 nowo\u015b\u0107 !<\/span><\/p>\n<p style=\"padding-left: 90px;\"><span style=\"font-size: 10pt;\">\u00a0\u00a0\u00a0 LAB MANUAL NEW \u2013 do\u015bwiadczenia laboratoryjne \u2013 nowo\u015b\u0107 !<\/span><\/p>\n<p style=\"padding-left: 90px;\"><span style=\"font-size: 10pt;\">\u00a0\u00a0\u00a0 BASIC BIOLOGY \u2013 podstawy biologii<\/span><\/p>\n<p style=\"padding-left: 90px;\"><span style=\"font-size: 10pt;\">\u00a0\u00a0\u00a0 ADVANCED BIOLOGY \u2013 zaawansowana biologia<\/span><\/p>\n<p style=\"padding-left: 90px;\"><span style=\"font-size: 10pt;\">\u00a0\u00a0\u00a0 CHEMISTRY \u2013 chemia<\/span><\/p>\n<p style=\"padding-left: 90px;\"><span style=\"font-size: 10pt;\">\u00a0\u00a0\u00a0 ENVIRONMENTAL SCIENCES \u2013 nauki \u015brodowiskowe<\/span><\/p>\n<p style=\"padding-left: 90px;\"><span style=\"font-size: 10pt;\">\u00a0\u00a0\u00a0 PHYSICS \u2013 fizyka<\/span><\/p>\n<p style=\"padding-left: 90px;\"><span style=\"font-size: 10pt;\">\u00a0\u00a0\u00a0 ENGINEERING \u2013 in\u017cynieria<\/span><\/p>\n<p style=\"padding-left: 90px;\"><span style=\"font-size: 10pt;\">\u00a0\u00a0\u00a0 CLINICAL SKILLS \u2013 umiej\u0119tno\u015bci kliniczne<\/span><\/p>\n<p style=\"padding-left: 90px;\"><span style=\"font-size: 10pt;\">\u00a0\u00a0\u00a0 PSYCHOLOGY \u2013 psychologia<\/span><\/p>\n","protected":false},"excerpt":{"rendered":"<p>JoVE\u00a0 (Journal of Visualized Experiments) \u00a0to pierwsze na \u015bwiecie, recenzowane czasopismo w formacie video-artyku\u0142\u00f3w z Impact Factor (IF=1.184) w dyscyplinach&hellip;<\/p>\n","protected":false},"author":3,"featured_media":0,"parent":0,"menu_order":0,"comment_status":"closed","ping_status":"closed","template":"","meta":[],"_links":{"self":[{"href":"https:\/\/scbm.usz.edu.pl\/index.php\/wp-json\/wp\/v2\/pages\/1045"}],"collection":[{"href":"https:\/\/scbm.usz.edu.pl\/index.php\/wp-json\/wp\/v2\/pages"}],"about":[{"href":"https:\/\/scbm.usz.edu.pl\/index.php\/wp-json\/wp\/v2\/types\/page"}],"author":[{"embeddable":true,"href":"https:\/\/scbm.usz.edu.pl\/index.php\/wp-json\/wp\/v2\/users\/3"}],"replies":[{"embeddable":true,"href":"https:\/\/scbm.usz.edu.pl\/index.php\/wp-json\/wp\/v2\/comments?post=1045"}],"version-history":[{"count":5,"href":"https:\/\/scbm.usz.edu.pl\/index.php\/wp-json\/wp\/v2\/pages\/1045\/revisions"}],"predecessor-version":[{"id":2445,"href":"https:\/\/scbm.usz.edu.pl\/index.php\/wp-json\/wp\/v2\/pages\/1045\/revisions\/2445"}],"wp:attachment":[{"href":"https:\/\/scbm.usz.edu.pl\/index.php\/wp-json\/wp\/v2\/media?parent=1045"}],"curies":[{"name":"wp","href":"https:\/\/api.w.org\/{rel}","templated":true}]}}